{"id":834,"date":"2020-11-02T20:31:11","date_gmt":"2020-11-02T20:31:11","guid":{"rendered":"http:\/\/questcolaca.wpengine.com\/?page_id=834"},"modified":"2024-10-04T19:57:47","modified_gmt":"2024-10-04T19:57:47","slug":"busqueda","status":"publish","type":"page","link":"https:\/\/questcollegiate.com\/es\/search\/","title":{"rendered":"Encuentre un campus"},"content":{"rendered":"<div id=\"js-wpv-addon-maps-render-map-4\" style=\"height:350px;\" class=\"wpv-addon-maps-render js-wpv-addon-maps-render js-wpv-addon-maps-render-map-4 alignfull\" data-map=\"map-4\" data-generalzoom=\"5\" data-generalcenterlat=\"0\" data-generalcenterlon=\"0\" data-fitbounds=\"on\" data-singlezoom=\"14\" data-singlecenter=\"on\" data-osmlayer=\"standard\" data-maptype=\"roadmap\" data-showlayerinterests=\"false\" data-markericon=\"\/\/questcolaca.wpengine.com\/wp-content\/uploads\/2021\/05\/brand-location-icons_quest-location.png\" data-markericonhover=\"\" data-draggable=\"on\" data-scrollwheel=\"on\" data-doubleclickzoom=\"on\" data-maptypecontrol=\"on\" data-fullscreencontrol=\"on\" data-zoomcontrol=\"on\" data-streetviewcontrol=\"off\" data-backgroundcolor=\"\" data-cluster=\"on\" data-clustergridsize=\"30\" data-clustermaxzoom=\"14\" data-clusterclickzoom=\"1\" data-clusterminsize=\"2\" data-stylejson=\"\/\/questcollegiate.com\/wp-content\/plugins\/toolset-maps\/resources\/json\/Standard.json\" data-spiderfy=\"off\" data-streetview=\"off\" data-markerid=\"\" data-location=\"\" data-lat=\"0\" data-long=\"0\" data-heading=\"\" data-pitch=\"\"><\/div><div style=\"display:none\" class=\"wpv-addon-maps-marker js-wpv-addon-maps-marker js-wpv-addon-maps-marker-marker-4 js-wpv-addon-maps-markerfor-map-4\" data-marker=\"marker-4\" data-markertitle=\"\" data-markerfor=\"map-4\" data-markerlat=\"33.455703\" data-markerlon=\"-96.409815\" data-markericon=\"\" data-markericonhover=\"\" data-streetview=\"no\" data-fromview=\"904\"><strong>Whitewright<\/strong>\n<br><strong>Director del campus:<\/strong> Cathy Harris\n<br><strong>Calificaciones:<\/strong> K-8\n<br><strong>Direcci\u00f3n:<\/strong> 498 Bethel-Cannon Rd, Whitewright, TX 75491, EE. UU.\n<br><strong>Tel\u00e9fono:<\/strong> 903-395-6063\n<br><br>\n<a href='https:\/\/questcollegiate.com\/es\/whitewright\/'>M\u00e1s informaci\u00f3n \u203a<\/a>\n\n<\/div><div style=\"display:none\" class=\"wpv-addon-maps-marker js-wpv-addon-maps-marker js-wpv-addon-maps-marker-marker-4-1 js-wpv-addon-maps-markerfor-map-4\" data-marker=\"marker-4-1\" data-markertitle=\"\" data-markerfor=\"map-4\" data-markerlat=\"30.188166\" data-markerlon=\"-95.461686\" data-markericon=\"\" data-markericonhover=\"\" data-streetview=\"no\" data-fromview=\"904\"><strong>Shenandoah<\/strong>\n<br><strong>Director del campus:<\/strong> Tamera Myers\n<br><strong>Calificaciones:<\/strong> K-8\n<br><strong>Direcci\u00f3n:<\/strong> 1488 Wellman Rd, Shenandoah, TX 77384, EE. UU.\n<br><strong>Tel\u00e9fono:<\/strong> 936-890-0100\n<br><br>\n<a href='https:\/\/questcollegiate.com\/es\/shenandoah\/'>M\u00e1s informaci\u00f3n \u203a<\/a>\n\n<\/div><div style=\"display:none\" class=\"wpv-addon-maps-marker js-wpv-addon-maps-marker js-wpv-addon-maps-marker-marker-4-2 js-wpv-addon-maps-markerfor-map-4\" data-marker=\"marker-4-2\" data-markertitle=\"\" data-markerfor=\"map-4\" data-markerlat=\"32.75733\" data-markerlon=\"-97.337101\" data-markericon=\"\" data-markericonhover=\"\" data-streetview=\"no\" data-fromview=\"904\"><strong>Fort Worth (r\u00edo Trinity)<\/strong>\n<br><strong>Director del campus:<\/strong> Abigail Garrett\n<br><strong>Calificaciones:<\/strong> 9\u201312\n<br><strong>Direcci\u00f3n:<\/strong> 300 Trinity Campus Circle, Fort Worth, Texas, EE. UU.\n<br><strong>Tel\u00e9fono:<\/strong> 817-305-8287\n<br><br>\n<a href='https:\/\/questcollegiate.com\/es\/fort-worth\/'>M\u00e1s informaci\u00f3n \u203a<\/a>\n\n<\/div><div style=\"display:none\" class=\"wpv-addon-maps-marker js-wpv-addon-maps-marker js-wpv-addon-maps-marker-marker-4-3 js-wpv-addon-maps-markerfor-map-4\" data-marker=\"marker-4-3\" data-markertitle=\"\" data-markerfor=\"map-4\" data-markerlat=\"35.147301\" data-markerlon=\"-101.867164\" data-markericon=\"\" data-markericonhover=\"\" data-streetview=\"no\" data-fromview=\"904\"><strong>Amarillo<\/strong>\n<br><strong>Director del campus:<\/strong> Chad Reneau\n<br><strong>Calificaciones:<\/strong> K-12\n<br><strong>Direcci\u00f3n:<\/strong> 6000 S Georgia St, Amarillo, TX 79118, EE. UU.\n<br><strong>Tel\u00e9fono:<\/strong> 806-352-0171\n<br><br>\n<a href='https:\/\/questcollegiate.com\/es\/amarillo\/'>M\u00e1s informaci\u00f3n \u203a<\/a>\n\n<\/div>\n\n\n<div class=\"wp-block-toolset-blocks-container tb-container\" data-toolset-blocks-container=\"76b9e19aebd78b467b04c64acfe33167\"><div class=\"wpv-view-output\" data-toolset-views-view-editor=\"df8f3ebaa8064e395c0e6a83e3808364\">\n<div class=\"wp-block-toolset-views-view-editor wpv-gutenberg-view-wrapper-904\"><form autocomplete=\"off\" name=\"wpv-filter-904\" action=\"\/es\/wp-json\/wp\/v2\/pages\/834?wpv_view_count=904\" method=\"get\" class=\"wpv-filter-form js-wpv-filter-form js-wpv-filter-form-904 js-wpv-form-full js-wpv-ajax-results-submit-enabled\" data-viewnumber=\"904\" data-viewid=\"904\" data-viewhash=\"eyJuYW1lIjoiY2FtcHVzLXNlYXJjaCIsIm9yZGVyIjoiYXNjIn0=\" data-viewwidgetid=\"0\" data-orderby=\"\" data-order=\"\" data-orderbyas=\"\" data-orderbysecond=\"\" data-ordersecond=\"\" data-parametric=\"{&quot;query&quot;:&quot;normal&quot;,&quot;id&quot;:&quot;904&quot;,&quot;view_id&quot;:&quot;904&quot;,&quot;widget_id&quot;:0,&quot;view_hash&quot;:&quot;904&quot;,&quot;action&quot;:&quot;\\\/es\\\/wp-json\\\/wp\\\/v2\\\/pages\\\/834?wpv_view_count=904&quot;,&quot;sort&quot;:{&quot;orderby&quot;:&quot;&quot;,&quot;order&quot;:&quot;&quot;,&quot;orderby_as&quot;:&quot;&quot;,&quot;orderby_second&quot;:&quot;&quot;,&quot;order_second&quot;:&quot;&quot;},&quot;orderby&quot;:&quot;&quot;,&quot;order&quot;:&quot;&quot;,&quot;orderby_as&quot;:&quot;&quot;,&quot;orderby_second&quot;:&quot;&quot;,&quot;order_second&quot;:&quot;&quot;,&quot;ajax_form&quot;:&quot;&quot;,&quot;ajax_results&quot;:&quot;&quot;,&quot;effect&quot;:&quot;fade&quot;,&quot;prebefore&quot;:&quot;&quot;,&quot;before&quot;:&quot;&quot;,&quot;after&quot;:&quot;&quot;,&quot;attributes&quot;:{&quot;order&quot;:&quot;asc&quot;},&quot;environment&quot;:{&quot;current_post_id&quot;:834,&quot;parent_post_id&quot;:834,&quot;parent_term_id&quot;:0,&quot;parent_user_id&quot;:0,&quot;archive&quot;:{&quot;type&quot;:&quot;&quot;,&quot;name&quot;:&quot;&quot;,&quot;data&quot;:[]}},&quot;loop&quot;:{&quot;type&quot;:&quot;&quot;,&quot;name&quot;:&quot;&quot;,&quot;data&quot;:[],&quot;id&quot;:0}}\" data-attributes=\"{&quot;order&quot;:&quot;asc&quot;}\" data-environment=\"{&quot;current_post_id&quot;:834,&quot;parent_post_id&quot;:834,&quot;parent_term_id&quot;:0,&quot;parent_user_id&quot;:0,&quot;archive&quot;:{&quot;type&quot;:&quot;&quot;,&quot;name&quot;:&quot;&quot;,&quot;data&quot;:[]}}\" data-trp-original-action=\"\/es\/wp-json\/wp\/v2\/pages\/834?wpv_view_count=904\"><input type=\"hidden\" class=\"js-wpv-dps-filter-data js-wpv-filter-data-for-this-form\" data-action=\"\/es\/wp-json\/wp\/v2\/pages\/834?wpv_view_count=904\" data-page=\"1\" data-ajax=\"disable\" data-effect=\"fade\" data-maxpages=\"0\" data-ajaxprebefore=\"\" data-ajaxbefore=\"\" data-ajaxafter=\"\" \/><input class=\"wpv_view_count wpv_view_count-904\" type=\"hidden\" name=\"wpv_view_count\" value=\"904\" \/>\n\n<div class=\"campus-search-area\">\n<div class=\"campus-search-form\"><div class=\"form-group\">Mostrar resultados dentro de \t\t\t<input type=\"number\" min=\"0\" id=\"toolset-maps-distance-value\"\n\t\t\t\tname=\"toolset_maps_distance_radius\"\n\t\t\t\tclass=\"form-control js-toolset-maps-distance-value js-wpv-filter-trigger\"\n\t\t\t\tvalue=\"30\"\n\t\t\t\trequired\n\t\t\t\taria-label=\"Distance radius\">\n\t\t\t<select class=\"js-toolset-maps-distance-unit form-control js-wpv-filter-trigger\"\n\t\t\t\t\tname=\"toolset_maps_distance_unit\"\n\t\t\t\t\tid=\"toolset-maps-distance\"\n\t\t\t\t\taria-label=\"Kil\u00f3metros o millas\">\n\t\t\t\t<option value=\"km\" >km<\/option>\n\t\t\t\t<option value=\"mi\"  selected='selected'>mi<\/option>\n\t\t\t<\/select> de \t\t\t<input type=\"text\" id=\"toolset-maps-distance-center\"\n\t\t\t\tname=\"toolset_maps_distance_center\"\n\t\t\t\tclass=\"form-control js-toolset-maps-distance-center js-wpv-filter-trigger-delayed js-toolset-maps-address-autocomplete\"\n\t\t\t\tvalue=\"\"\n\t\t\t\t\n\t\t\t\tplaceholder=\"Ingrese una ubicaci\u00f3n\"\n\t\t\t\taria-label=\"Ingrese una ubicaci\u00f3n\"\n\t\t\t><input type='button' class='btn js-toolset-maps-distance-current-location' value='Usar mi ubicaci\u00f3n' \/><\/div><\/div><div class=\"campus-search-button\"><input type=\"submit\" class=\"btn-secondary wpv-submit-trigger js-wpv-submit-trigger btn\" name=\"wpv_filter_submit\" value=\"Enviar\" \/><\/div>\n  <\/div>\n\n<input type=\"hidden\" name=\"trp-form-language\" value=\"es\"\/><\/form>\n<div id=\"wpv-view-layout-904\" class=\"js-wpv-view-layout js-wpv-layout-responsive js-wpv-view-layout-904\" data-viewnumber=\"904\" data-pagination=\"{&quot;id&quot;:&quot;904&quot;,&quot;query&quot;:&quot;normal&quot;,&quot;type&quot;:&quot;disabled&quot;,&quot;effect&quot;:&quot;fade&quot;,&quot;duration&quot;:500,&quot;speed&quot;:5,&quot;pause_on_hover&quot;:&quot;disabled&quot;,&quot;stop_rollover&quot;:&quot;false&quot;,&quot;cache_pages&quot;:&quot;enabled&quot;,&quot;preload_images&quot;:&quot;enabled&quot;,&quot;preload_pages&quot;:&quot;enabled&quot;,&quot;preload_reach&quot;:1,&quot;spinner&quot;:&quot;builtin&quot;,&quot;spinner_image&quot;:&quot;https:\/\/questcolaca.wpengine.com\/wp-content\/plugins\/toolset-blocks\/embedded\/res\/img\/ajax-loader.gif&quot;,&quot;callback_next&quot;:&quot;&quot;,&quot;manage_history&quot;:&quot;disabled&quot;,&quot;has_controls_in_form&quot;:&quot;disabled&quot;,&quot;infinite_tolerance&quot;:&quot;0&quot;,&quot;max_pages&quot;:0,&quot;page&quot;:1,&quot;base_permalink&quot;:&quot;\/es\/wp-json\/wp\/v2\/pages\/834?wpv_view_count=904&amp;wpv_paged=WPV_PAGE_NUM&quot;,&quot;loop&quot;:{&quot;type&quot;:&quot;&quot;,&quot;name&quot;:&quot;&quot;,&quot;data&quot;:[],&quot;id&quot;:0}}\" data-permalink=\"\/es\/wp-json\/wp\/v2\/pages\/834?wpv_view_count=904\">\n\n\t\n\t\n\n\t\t\n\t\t<div class=\"row campus-search-results\">\n\t\t\t<div class=\"col-md-4\">\n<div class=\"wp-block-toolset-blocks-container tb-container search-result\" data-toolset-blocks-container=\"0f4dedffe69b62c9191c8dd20cd7cf74\">\n<div class=\"tb-fields-and-text search-campus-title\" data-toolset-blocks-fields-and-text=\"8088b513f53a713477c21a6f520bd466\"><p><a href=\"https:\/\/questcollegiate.com\/es\/amarillo\/\">Amarillo<\/a><\/p><\/div>\n\n\n\n<div class=\"tb-fields-and-text\" data-toolset-blocks-fields-and-text=\"8b62a9c336053598ce2f50ceb2d477b2\"><p><strong>Director del campus:<\/strong>&nbsp;Chad Reneau<\/p><\/div>\n\n\n\n<div class=\"tb-fields-and-text\" data-toolset-blocks-fields-and-text=\"531e1c040a8825c458f4b0b465accdd3\"><p><strong>Calificaciones:<\/strong>&nbsp;K-12<\/p><\/div>\n\n\n\n<div class=\"tb-fields-and-text\" data-toolset-blocks-fields-and-text=\"f4a3e9801a18451037fae855ca426a4a\"><p><strong>Direcci\u00f3n:<\/strong>&nbsp;<a href=\"https:\/\/goo.gl\/maps\/jNiFjrBpAPL37eVX7\" target=\"_blank\" rel=\"noopener\">6000 S. Georgia St., Amarillo, TX 79118<\/a><\/p><\/div>\n\n\n\n<div class=\"tb-fields-and-text\" data-toolset-blocks-fields-and-text=\"531e1c040a8825c458f4b0b465accdd3\"><p><strong>Tel\u00e9fono:<\/strong>&nbsp;806-352-0171<\/p><\/div>\n\n\n\n<div class=\"tb-button\" data-toolset-blocks-button=\"0f7b0fa9180d43765c979f51bc0381c1\"><a class=\"tb-button__link\" href=\"https:\/\/questcollegiate.com\/es\/amarillo\/\" target=\"_blank\"><span class=\"tb-button__content\">M\u00e1s informaci\u00f3n<\/span><i class=\"tb-button__icon\"><\/i><\/a><\/div>\n\n\n\n<div class=\"tb-button\" data-toolset-blocks-button=\"4a967af1b09c52358d941d0f04156709\"><a class=\"tb-button__link\" href=\"https:\/\/questcollegiate.com\/es\/amarillo\/\" target=\"_blank\"><span class=\"tb-button__content\">Inscr\u00edbase ahora<\/span><i class=\"tb-button__icon\"><\/i><\/a><\/div>\n<\/div>\n<\/div>\n\t\t\n\t\t\n\t\t\t<div class=\"col-md-4\">\n<div class=\"wp-block-toolset-blocks-container tb-container search-result\" data-toolset-blocks-container=\"0f4dedffe69b62c9191c8dd20cd7cf74\">\n<div class=\"tb-fields-and-text search-campus-title\" data-toolset-blocks-fields-and-text=\"8088b513f53a713477c21a6f520bd466\"><p><a href=\"https:\/\/questcollegiate.com\/es\/fort-worth\/\">Fort Worth (r\u00edo Trinity)<\/a><\/p><\/div>\n\n\n\n<div class=\"tb-fields-and-text\" data-toolset-blocks-fields-and-text=\"8b62a9c336053598ce2f50ceb2d477b2\"><p><strong>Director del campus:<\/strong>&nbsp;Abigail Garrett<\/p><\/div>\n\n\n\n<div class=\"tb-fields-and-text\" data-toolset-blocks-fields-and-text=\"531e1c040a8825c458f4b0b465accdd3\"><p><strong>Calificaciones:<\/strong>&nbsp;9\u201312<\/p><\/div>\n\n\n\n<div class=\"tb-fields-and-text\" data-toolset-blocks-fields-and-text=\"f4a3e9801a18451037fae855ca426a4a\"><p><strong>Direcci\u00f3n:<\/strong>&nbsp;<a href=\"https:\/\/maps.app.goo.gl\/PbGuMjnJnBSWqzXr8\" target=\"_blank\" rel=\"noopener\">300 Trinity Campus Cir., Fort Worth, TX 76102<\/a><\/p><\/div>\n\n\n\n<div class=\"tb-fields-and-text\" data-toolset-blocks-fields-and-text=\"531e1c040a8825c458f4b0b465accdd3\"><p><strong>Tel\u00e9fono:<\/strong>&nbsp;817-305-8287<\/p><\/div>\n\n\n\n<div class=\"tb-button\" data-toolset-blocks-button=\"0f7b0fa9180d43765c979f51bc0381c1\"><a class=\"tb-button__link\" href=\"https:\/\/questcollegiate.com\/es\/fort-worth\/\" target=\"_blank\"><span class=\"tb-button__content\">M\u00e1s informaci\u00f3n<\/span><i class=\"tb-button__icon\"><\/i><\/a><\/div>\n\n\n\n<div class=\"tb-button\" data-toolset-blocks-button=\"4a967af1b09c52358d941d0f04156709\"><a class=\"tb-button__link\" href=\"https:\/\/questcollegiate.com\/es\/fort-worth\/\" target=\"_blank\"><span class=\"tb-button__content\">Inscr\u00edbase ahora<\/span><i class=\"tb-button__icon\"><\/i><\/a><\/div>\n<\/div>\n<\/div>\n\t\t\n\t\t\n\t\t\t<div class=\"col-md-4\">\n<div class=\"wp-block-toolset-blocks-container tb-container search-result\" data-toolset-blocks-container=\"0f4dedffe69b62c9191c8dd20cd7cf74\">\n<div class=\"tb-fields-and-text search-campus-title\" data-toolset-blocks-fields-and-text=\"8088b513f53a713477c21a6f520bd466\"><p><a href=\"https:\/\/questcollegiate.com\/es\/shenandoah\/\">Shenandoah<\/a><\/p><\/div>\n\n\n\n<div class=\"tb-fields-and-text\" data-toolset-blocks-fields-and-text=\"8b62a9c336053598ce2f50ceb2d477b2\"><p><strong>Director del campus:<\/strong>&nbsp;Tamera Myers<\/p><\/div>\n\n\n\n<div class=\"tb-fields-and-text\" data-toolset-blocks-fields-and-text=\"531e1c040a8825c458f4b0b465accdd3\"><p><strong>Calificaciones:<\/strong>&nbsp;K-8<\/p><\/div>\n\n\n\n<div class=\"tb-fields-and-text\" data-toolset-blocks-fields-and-text=\"f4a3e9801a18451037fae855ca426a4a\"><p><strong>Direcci\u00f3n:<\/strong>&nbsp;<a href=\"https:\/\/goo.gl\/maps\/p7aGHVCkZPJTGZ146\" target=\"_blank\" rel=\"noopener\">1488 Wellman Rd., Shenandoah, TX 77384<\/a><\/p><\/div>\n\n\n\n<div class=\"tb-fields-and-text\" data-toolset-blocks-fields-and-text=\"531e1c040a8825c458f4b0b465accdd3\"><p><strong>Tel\u00e9fono:<\/strong>&nbsp;936-890-0100<\/p><\/div>\n\n\n\n<div class=\"tb-button\" data-toolset-blocks-button=\"0f7b0fa9180d43765c979f51bc0381c1\"><a class=\"tb-button__link\" href=\"https:\/\/questcollegiate.com\/es\/shenandoah\/\" target=\"_blank\"><span class=\"tb-button__content\">M\u00e1s informaci\u00f3n<\/span><i class=\"tb-button__icon\"><\/i><\/a><\/div>\n\n\n\n<div class=\"tb-button\" data-toolset-blocks-button=\"4a967af1b09c52358d941d0f04156709\"><a class=\"tb-button__link\" href=\"https:\/\/questcollegiate.com\/es\/shenandoah\/\" target=\"_blank\"><span class=\"tb-button__content\">Inscr\u00edbase ahora<\/span><i class=\"tb-button__icon\"><\/i><\/a><\/div>\n<\/div>\n<\/div>\n\t\t<\/div>\n\t\t\n\t\t\n\t\t<div class=\"row campus-search-results\">\n\t\t\t<div class=\"col-md-4\">\n<div class=\"wp-block-toolset-blocks-container tb-container search-result\" data-toolset-blocks-container=\"0f4dedffe69b62c9191c8dd20cd7cf74\">\n<div class=\"tb-fields-and-text search-campus-title\" data-toolset-blocks-fields-and-text=\"8088b513f53a713477c21a6f520bd466\"><p><a href=\"https:\/\/questcollegiate.com\/es\/whitewright\/\">Whitewright<\/a><\/p><\/div>\n\n\n\n<div class=\"tb-fields-and-text\" data-toolset-blocks-fields-and-text=\"8b62a9c336053598ce2f50ceb2d477b2\"><p><strong>Director del campus:<\/strong>&nbsp;Cathy Harris<\/p><\/div>\n\n\n\n<div class=\"tb-fields-and-text\" data-toolset-blocks-fields-and-text=\"531e1c040a8825c458f4b0b465accdd3\"><p><strong>Calificaciones:<\/strong>&nbsp;K-8<\/p><\/div>\n\n\n\n<div class=\"tb-fields-and-text\" data-toolset-blocks-fields-and-text=\"f4a3e9801a18451037fae855ca426a4a\"><p><strong>Direcci\u00f3n:<\/strong>&nbsp;<a href=\"https:\/\/goo.gl\/maps\/Hgpz9PCtrN9SBsEe6\" target=\"_blank\" rel=\"noopener\">498 Bethel-Cannon Rd., Whitewright, TX 75491<\/a><\/p><\/div>\n\n\n\n<div class=\"tb-fields-and-text\" data-toolset-blocks-fields-and-text=\"531e1c040a8825c458f4b0b465accdd3\"><p><strong>Tel\u00e9fono:<\/strong>&nbsp;903-395-6063<\/p><\/div>\n\n\n\n<div class=\"tb-button\" data-toolset-blocks-button=\"0f7b0fa9180d43765c979f51bc0381c1\"><a class=\"tb-button__link\" href=\"https:\/\/questcollegiate.com\/es\/whitewright\/\" target=\"_blank\"><span class=\"tb-button__content\">M\u00e1s informaci\u00f3n<\/span><i class=\"tb-button__icon\"><\/i><\/a><\/div>\n\n\n\n<div class=\"tb-button\" data-toolset-blocks-button=\"4a967af1b09c52358d941d0f04156709\"><a class=\"tb-button__link\" href=\"https:\/\/questcollegiate.com\/es\/whitewright\/\" target=\"_blank\"><span class=\"tb-button__content\">Inscr\u00edbase ahora<\/span><i class=\"tb-button__icon\"><\/i><\/a><\/div>\n<\/div>\n<\/div>\n\t\t\n\t\t\t<div class=\"col-md-4\"><\/div>\n\t\t\n\t\t\t<div class=\"col-md-4\"><\/div>\n\t\t<\/div>\n\t\n\t\n\t\n\t\n<\/div><\/div>\n<\/div><\/div>","protected":false},"excerpt":{"rendered":"","protected":false},"author":2,"featured_media":0,"parent":0,"menu_order":0,"comment_status":"closed","ping_status":"closed","template":"","meta":{"footnotes":""},"class_list":["post-834","page","type-page","status-publish"],"yoast_head":"<!-- This site is optimized with the Yoast SEO plugin v27.4 - https:\/\/yoast.com\/product\/yoast-seo-wordpress\/ -->\n<title>Find a Campus Near You | Quest Collegiate Academy<\/title>\n<meta name=\"description\" content=\"Use Quest Collegiate Academy&#039;s campus search tool to locate a nearby campus and learn more about our personalized education programs.\" \/>\n<meta name=\"robots\" content=\"index, follow, max-snippet:-1, max-image-preview:large, max-video-preview:-1\" \/>\n<link rel=\"canonical\" href=\"https:\/\/questcollegiate.com\/es\/busqueda\/\" \/>\n<meta property=\"og:locale\" content=\"es_MX\" \/>\n<meta property=\"og:type\" content=\"article\" \/>\n<meta property=\"og:title\" content=\"Find a Campus Near You | Quest Collegiate Academy\" \/>\n<meta property=\"og:description\" content=\"Use Quest Collegiate Academy&#039;s campus search tool to locate a nearby campus and learn more about our personalized education programs.\" \/>\n<meta property=\"og:url\" content=\"https:\/\/questcollegiate.com\/es\/busqueda\/\" \/>\n<meta property=\"og:site_name\" content=\"Quest Collegiate Academy\" \/>\n<meta property=\"article:modified_time\" content=\"2024-10-04T19:57:47+00:00\" \/>\n<meta name=\"twitter:card\" content=\"summary_large_image\" \/>\n<meta name=\"twitter:label1\" content=\"Est. reading time\" \/>\n\t<meta name=\"twitter:data1\" content=\"1 minuto\" \/>\n<script type=\"application\/ld+json\" class=\"yoast-schema-graph\">{\"@context\":\"https:\\\/\\\/schema.org\",\"@graph\":[{\"@type\":\"WebPage\",\"@id\":\"https:\\\/\\\/questcollegiate.com\\\/search\\\/\",\"url\":\"https:\\\/\\\/questcollegiate.com\\\/search\\\/\",\"name\":\"Find a Campus Near You | Quest Collegiate Academy\",\"isPartOf\":{\"@id\":\"https:\\\/\\\/questcollegiate.com\\\/#website\"},\"datePublished\":\"2020-11-02T20:31:11+00:00\",\"dateModified\":\"2024-10-04T19:57:47+00:00\",\"description\":\"Use Quest Collegiate Academy's campus search tool to locate a nearby campus and learn more about our personalized education programs.\",\"breadcrumb\":{\"@id\":\"https:\\\/\\\/questcollegiate.com\\\/search\\\/#breadcrumb\"},\"inLanguage\":\"es\",\"potentialAction\":[{\"@type\":\"ReadAction\",\"target\":[\"https:\\\/\\\/questcollegiate.com\\\/search\\\/\"]}]},{\"@type\":\"BreadcrumbList\",\"@id\":\"https:\\\/\\\/questcollegiate.com\\\/search\\\/#breadcrumb\",\"itemListElement\":[{\"@type\":\"ListItem\",\"position\":1,\"name\":\"Home\",\"item\":\"https:\\\/\\\/questcollegiate.com\\\/\"},{\"@type\":\"ListItem\",\"position\":2,\"name\":\"Find a Campus\"}]},{\"@type\":\"WebSite\",\"@id\":\"https:\\\/\\\/questcollegiate.com\\\/#website\",\"url\":\"https:\\\/\\\/questcollegiate.com\\\/\",\"name\":\"Quest Collegiate Academy\",\"description\":\"Guiding Scholars on Their Quest for Knowledge\",\"publisher\":{\"@id\":\"https:\\\/\\\/questcollegiate.com\\\/#organization\"},\"potentialAction\":[{\"@type\":\"SearchAction\",\"target\":{\"@type\":\"EntryPoint\",\"urlTemplate\":\"https:\\\/\\\/questcollegiate.com\\\/?s={search_term_string}\"},\"query-input\":{\"@type\":\"PropertyValueSpecification\",\"valueRequired\":true,\"valueName\":\"search_term_string\"}}],\"inLanguage\":\"es\"},{\"@type\":\"Organization\",\"@id\":\"https:\\\/\\\/questcollegiate.com\\\/#organization\",\"name\":\"Quest Collegiate Academy\",\"url\":\"https:\\\/\\\/questcollegiate.com\\\/\",\"logo\":{\"@type\":\"ImageObject\",\"inLanguage\":\"es\",\"@id\":\"https:\\\/\\\/questcollegiate.com\\\/#\\\/schema\\\/logo\\\/image\\\/\",\"url\":\"https:\\\/\\\/questcollegiate.com\\\/wp-content\\\/uploads\\\/2021\\\/05\\\/2020-21-Logos_QuestCollegiate-logo.png\",\"contentUrl\":\"https:\\\/\\\/questcollegiate.com\\\/wp-content\\\/uploads\\\/2021\\\/05\\\/2020-21-Logos_QuestCollegiate-logo.png\",\"width\":8001,\"height\":2484,\"caption\":\"Quest Collegiate Academy\"},\"image\":{\"@id\":\"https:\\\/\\\/questcollegiate.com\\\/#\\\/schema\\\/logo\\\/image\\\/\"}}]}<\/script>\n<!-- \/ Yoast SEO plugin. -->","yoast_head_json":{"title":"Encuentre un campus cerca de usted | Quest Collegiate Academy","description":"Utilice la herramienta de b\u00fasqueda de campus de Quest Collegiate Academy para localizar un campus cercano y obtener m\u00e1s informaci\u00f3n sobre nuestros programas educativos personalizados.","robots":{"index":"index","follow":"follow","max-snippet":"max-snippet:-1","max-image-preview":"max-image-preview:large","max-video-preview":"max-video-preview:-1"},"canonical":"https:\/\/questcollegiate.com\/es\/busqueda\/","og_locale":"es_MX","og_type":"article","og_title":"Find a Campus Near You | Quest Collegiate Academy","og_description":"Use Quest Collegiate Academy's campus search tool to locate a nearby campus and learn more about our personalized education programs.","og_url":"https:\/\/questcollegiate.com\/es\/busqueda\/","og_site_name":"Quest Collegiate Academy","article_modified_time":"2024-10-04T19:57:47+00:00","twitter_card":"summary_large_image","twitter_misc":{"Est. reading time":"1 minuto"},"schema":{"@context":"https:\/\/schema.org","@graph":[{"@type":"WebPage","@id":"https:\/\/questcollegiate.com\/search\/","url":"https:\/\/questcollegiate.com\/search\/","name":"Encuentre un campus cerca de usted | Quest Collegiate Academy","isPartOf":{"@id":"https:\/\/questcollegiate.com\/#website"},"datePublished":"2020-11-02T20:31:11+00:00","dateModified":"2024-10-04T19:57:47+00:00","description":"Utilice la herramienta de b\u00fasqueda de campus de Quest Collegiate Academy para localizar un campus cercano y obtener m\u00e1s informaci\u00f3n sobre nuestros programas educativos personalizados.","breadcrumb":{"@id":"https:\/\/questcollegiate.com\/search\/#breadcrumb"},"inLanguage":"es","potentialAction":[{"@type":"ReadAction","target":["https:\/\/questcollegiate.com\/search\/"]}]},{"@type":"BreadcrumbList","@id":"https:\/\/questcollegiate.com\/search\/#breadcrumb","itemListElement":[{"@type":"ListItem","position":1,"name":"Home","item":"https:\/\/questcollegiate.com\/"},{"@type":"ListItem","position":2,"name":"Find a Campus"}]},{"@type":"WebSite","@id":"https:\/\/questcollegiate.com\/#website","url":"https:\/\/questcollegiate.com\/","name":"Academia Universitaria Quest","description":"Guiando a los estudiantes en su b\u00fasqueda del conocimiento","publisher":{"@id":"https:\/\/questcollegiate.com\/#organization"},"potentialAction":[{"@type":"SearchAction","target":{"@type":"EntryPoint","urlTemplate":"https:\/\/questcollegiate.com\/?s={search_term_string}"},"query-input":{"@type":"PropertyValueSpecification","valueRequired":true,"valueName":"search_term_string"}}],"inLanguage":"es"},{"@type":"Organization","@id":"https:\/\/questcollegiate.com\/#organization","name":"Academia Universitaria Quest","url":"https:\/\/questcollegiate.com\/","logo":{"@type":"ImageObject","inLanguage":"es","@id":"https:\/\/questcollegiate.com\/#\/schema\/logo\/image\/","url":"https:\/\/questcollegiate.com\/wp-content\/uploads\/2021\/05\/2020-21-Logos_QuestCollegiate-logo.png","contentUrl":"https:\/\/questcollegiate.com\/wp-content\/uploads\/2021\/05\/2020-21-Logos_QuestCollegiate-logo.png","width":8001,"height":2484,"caption":"Quest Collegiate Academy"},"image":{"@id":"https:\/\/questcollegiate.com\/#\/schema\/logo\/image\/"}}]}},"_links":{"self":[{"href":"https:\/\/questcollegiate.com\/es\/wp-json\/wp\/v2\/pages\/834","targetHints":{"allow":["GET"]}}],"collection":[{"href":"https:\/\/questcollegiate.com\/es\/wp-json\/wp\/v2\/pages"}],"about":[{"href":"https:\/\/questcollegiate.com\/es\/wp-json\/wp\/v2\/types\/page"}],"author":[{"embeddable":true,"href":"https:\/\/questcollegiate.com\/es\/wp-json\/wp\/v2\/users\/2"}],"replies":[{"embeddable":true,"href":"https:\/\/questcollegiate.com\/es\/wp-json\/wp\/v2\/comments?post=834"}],"version-history":[{"count":0,"href":"https:\/\/questcollegiate.com\/es\/wp-json\/wp\/v2\/pages\/834\/revisions"}],"wp:attachment":[{"href":"https:\/\/questcollegiate.com\/es\/wp-json\/wp\/v2\/media?parent=834"}],"curies":[{"name":"wp","href":"https:\/\/api.w.org\/{rel}","templated":true}]}}