{"id":828,"date":"2020-11-02T20:29:39","date_gmt":"2020-11-02T20:29:39","guid":{"rendered":"http:\/\/questcolaca.wpengine.com\/?page_id=828"},"modified":"2026-02-16T15:54:26","modified_gmt":"2026-02-16T15:54:26","slug":"academicos","status":"publish","type":"page","link":"https:\/\/questcollegiate.com\/es\/academics\/","title":{"rendered":"Acad\u00e9micos"},"content":{"rendered":"<div class=\"wp-block-toolset-blocks-container tb-container dark-overlay\" data-toolset-blocks-container=\"45ab69146eb21e47391905b0855f12c6\">\n<div class=\"wp-block-toolset-blocks-container tb-container dark-overlay\" data-toolset-blocks-container=\"b8d41ea222bc756d5c416b93e98c06cf\">\n<div class=\"tb-fields-and-text\" data-toolset-blocks-fields-and-text=\"af0bfc8a18dec652e6b78520ce16fbca\"><h1 style=\"text-align: center;\">ACAD\u00c9MICOS<\/h1><\/div>\n<\/div>\n<\/div>\n\n\n\n<div class=\"wp-block-toolset-blocks-container tb-container\" data-toolset-blocks-container=\"60898a910b390911dcee987ff34f1bca\">\n<div class=\"wp-block-toolset-blocks-grid tb-grid\" data-toolset-blocks-grid=\"3d9c399fe625e1b972f817a0680229f6\">\n<div class=\"wp-block-toolset-blocks-grid-column tb-grid-column tb-grid-align-center\" data-toolset-blocks-grid-column=\"f586ff7bfe1d7317c63162ec7b7039ed\">\n<div class=\"wp-block-toolset-blocks-container tb-container\" data-toolset-blocks-container=\"6870f08e2d2dace4d66158076b5ecc97\">\n<div style=\"height:350px\" aria-hidden=\"true\" class=\"wp-block-spacer\"><\/div>\n<\/div>\n<\/div>\n\n\n\n<div class=\"wp-block-toolset-blocks-grid-column tb-grid-column tb-grid-align-center\" data-toolset-blocks-grid-column=\"f586ff7bfe1d7317c63162ec7b7039ed\">\n<div class=\"wp-block-toolset-blocks-container tb-container overlap-container-right\" data-toolset-blocks-container=\"9e52fd4572fbcc94bf52d789f3f0699e\">\n<div class=\"wp-block-toolset-blocks-container tb-container\" data-toolset-blocks-container=\"92fece03c6d043187e95e4bfe194ab19\">\n<div class=\"tb-fields-and-text\" data-toolset-blocks-fields-and-text=\"7da59fcdb9301d3ff10ae30f5d9243e2\"><p>K\u20132 | Enfoque tradicional de ense\u00f1anza directa<\/p><\/div>\n\n\n\n<div class=\"tb-fields-and-text\" data-toolset-blocks-fields-and-text=\"5ee8ae2d9e250641e4374af8ed4fca97\"><p>Los alumnos de K a 2.\u00ba grado aprenden en un entorno educativo tradicional, en el que el maestro gu\u00eda el proceso de ense\u00f1anza. El objetivo es formar alumnos competentes que dominen la lectura, las matem\u00e1ticas y las habilidades sociales, y que sean capaces de establecer conexiones entre las diferentes materias del plan de estudios. Los maestros proporcionar\u00e1n orientaci\u00f3n y apoyo a trav\u00e9s de la ense\u00f1anza en grupo, las interacciones en grupos reducidos y las intervenciones individuales. Los alumnos aprender\u00e1n mediante actividades pr\u00e1cticas, grupos de colaboraci\u00f3n y trabajo independiente.<\/p><\/div>\n<\/div>\n<\/div>\n<\/div>\n<\/div>\n<\/div>\n\n\n\n<div class=\"wp-block-toolset-blocks-container tb-container\" data-toolset-blocks-container=\"8dee9684d4e202d421fd62d1cb6701b3\">\n<div class=\"wp-block-toolset-blocks-grid tb-grid\" data-toolset-blocks-grid=\"e7c9fbd982749fbc442ab40d30533966\">\n<div class=\"wp-block-toolset-blocks-grid-column tb-grid-column tb-grid-align-center\" data-toolset-blocks-grid-column=\"f586ff7bfe1d7317c63162ec7b7039ed\">\n<div class=\"wp-block-toolset-blocks-container tb-container overlap-container-left\" data-toolset-blocks-container=\"99d9695674d20abd51d5147df0a04690\">\n<div class=\"wp-block-toolset-blocks-container tb-container\" data-toolset-blocks-container=\"c66c6c65d6c3cd61e3c2a0b9b093d5eb\">\n<div class=\"tb-fields-and-text\" data-toolset-blocks-fields-and-text=\"7da59fcdb9301d3ff10ae30f5d9243e2\"><p>3\u201312 | Enfoque de aprendizaje combinado basado en el dominio<\/p><\/div>\n\n\n\n<div class=\"tb-fields-and-text\" data-toolset-blocks-fields-and-text=\"91f0b4f773d3fd578bfc6f2bb216b9aa\"><p>Los alumnos de 3.\u00ba a 12.\u00ba grado aprenden en un entorno de aprendizaje personalizado, basado en el dominio y combinado, en el que progresan de forma independiente en sus estudios con el maestro como gu\u00eda. Esto permite una atenci\u00f3n m\u00e1s personalizada por parte del maestro en las materias en las que se necesita ayuda adicional. Los alumnos utilizan una s\u00f3lida plataforma de aprendizaje en l\u00ednea. El aprendizaje combinado combina actividades de aprendizaje independientes impulsadas por la tecnolog\u00eda con la ense\u00f1anza dirigida por el maestro para maximizar una experiencia de aprendizaje personalizada.<\/p><\/div>\n<\/div>\n<\/div>\n<\/div>\n\n\n\n<div class=\"wp-block-toolset-blocks-grid-column tb-grid-column tb-grid-align-center\" data-toolset-blocks-grid-column=\"f586ff7bfe1d7317c63162ec7b7039ed\">\n<div class=\"wp-block-toolset-blocks-container tb-container\" data-toolset-blocks-container=\"9bce31f2ef702f22a19d92238ce35368\">\n<div style=\"height:350px\" aria-hidden=\"true\" class=\"wp-block-spacer\"><\/div>\n<\/div>\n<\/div>\n<\/div>\n<\/div>\n\n\n\n<div class=\"wp-block-toolset-blocks-container tb-container\" data-toolset-blocks-container=\"106a1ea92b2d49ca4d48f957e091d28a\">\n<div class=\"wp-block-toolset-blocks-container tb-container\" data-toolset-blocks-container=\"0f4aa004063f0ffec3b01924213b34d6\">\n<div class=\"tb-fields-and-text\" data-toolset-blocks-fields-and-text=\"e001cb4eee3e8d73df4f3092be7738e3\"><p style=\"text-align: left;\">\u00bfQu\u00e9 es el aprendizaje basado en el dominio?<\/p><\/div>\n\n\n\n<div class=\"tb-fields-and-text\" data-toolset-blocks-fields-and-text=\"f5ec730da69cd3addabe131b1222a91e\"><p style=\"text-align: left;\">El aprendizaje basado en el dominio es una estrategia did\u00e1ctica, as\u00ed como una filosof\u00eda educativa, que sostiene que los estudiantes deben alcanzar un cierto nivel de dominio antes de avanzar para aprender la informaci\u00f3n siguiente. Si los estudiantes no demuestran dominio en la etapa de evaluaci\u00f3n, se les brinda apoyo adicional en el aprendizaje y la revisi\u00f3n del material hasta que alcancen un cierto nivel de dominio. Este ciclo contin\u00faa hasta que el alumno logra el dominio y entonces puede pasar a la siguiente unidad de informaci\u00f3n. <br>Esto brinda a los estudiantes la oportunidad de asumir la responsabilidad de su aprendizaje y supervisar su propio progreso, lo que les permite desarrollar un sentido de responsabilidad personal y de logro.<\/p><\/div>\n<\/div>\n<\/div>","protected":false},"excerpt":{"rendered":"","protected":false},"author":2,"featured_media":0,"parent":0,"menu_order":0,"comment_status":"closed","ping_status":"closed","template":"","meta":{"footnotes":""},"class_list":["post-828","page","type-page","status-publish"],"yoast_head":"<!-- This site is optimized with the Yoast SEO plugin v27.4 - https:\/\/yoast.com\/product\/yoast-seo-wordpress\/ -->\n<title>Academics &amp; Programs | College Prep Charter School<\/title>\n<meta name=\"description\" content=\"Explore Quest Collegiate Academy&#039;s academic programs designed to challenge and support students in achieving their highest potential.\" \/>\n<meta name=\"robots\" content=\"index, follow, max-snippet:-1, max-image-preview:large, max-video-preview:-1\" \/>\n<link rel=\"canonical\" href=\"https:\/\/questcollegiate.com\/es\/academicos\/\" \/>\n<meta property=\"og:locale\" content=\"es_MX\" \/>\n<meta property=\"og:type\" content=\"article\" \/>\n<meta property=\"og:title\" content=\"Academics &amp; Programs | College Prep Charter School\" \/>\n<meta property=\"og:description\" content=\"Explore Quest Collegiate Academy&#039;s academic programs designed to challenge and support students in achieving their highest potential.\" \/>\n<meta property=\"og:url\" content=\"https:\/\/questcollegiate.com\/es\/academicos\/\" \/>\n<meta property=\"og:site_name\" content=\"Quest Collegiate Academy\" \/>\n<meta property=\"article:modified_time\" content=\"2026-02-16T15:54:26+00:00\" \/>\n<meta name=\"twitter:card\" content=\"summary_large_image\" \/>\n<meta name=\"twitter:label1\" content=\"Est. reading time\" \/>\n\t<meta name=\"twitter:data1\" content=\"2 minutos\" \/>\n<script type=\"application\/ld+json\" class=\"yoast-schema-graph\">{\"@context\":\"https:\\\/\\\/schema.org\",\"@graph\":[{\"@type\":\"WebPage\",\"@id\":\"https:\\\/\\\/questcollegiate.com\\\/academics\\\/\",\"url\":\"https:\\\/\\\/questcollegiate.com\\\/academics\\\/\",\"name\":\"Academics & Programs | College Prep Charter School\",\"isPartOf\":{\"@id\":\"https:\\\/\\\/questcollegiate.com\\\/#website\"},\"datePublished\":\"2020-11-02T20:29:39+00:00\",\"dateModified\":\"2026-02-16T15:54:26+00:00\",\"description\":\"Explore Quest Collegiate Academy's academic programs designed to challenge and support students in achieving their highest potential.\",\"breadcrumb\":{\"@id\":\"https:\\\/\\\/questcollegiate.com\\\/academics\\\/#breadcrumb\"},\"inLanguage\":\"es\",\"potentialAction\":[{\"@type\":\"ReadAction\",\"target\":[\"https:\\\/\\\/questcollegiate.com\\\/academics\\\/\"]}]},{\"@type\":\"BreadcrumbList\",\"@id\":\"https:\\\/\\\/questcollegiate.com\\\/academics\\\/#breadcrumb\",\"itemListElement\":[{\"@type\":\"ListItem\",\"position\":1,\"name\":\"Home\",\"item\":\"https:\\\/\\\/questcollegiate.com\\\/\"},{\"@type\":\"ListItem\",\"position\":2,\"name\":\"Academics\"}]},{\"@type\":\"WebSite\",\"@id\":\"https:\\\/\\\/questcollegiate.com\\\/#website\",\"url\":\"https:\\\/\\\/questcollegiate.com\\\/\",\"name\":\"Quest Collegiate Academy\",\"description\":\"Guiding Scholars on Their Quest for Knowledge\",\"publisher\":{\"@id\":\"https:\\\/\\\/questcollegiate.com\\\/#organization\"},\"potentialAction\":[{\"@type\":\"SearchAction\",\"target\":{\"@type\":\"EntryPoint\",\"urlTemplate\":\"https:\\\/\\\/questcollegiate.com\\\/?s={search_term_string}\"},\"query-input\":{\"@type\":\"PropertyValueSpecification\",\"valueRequired\":true,\"valueName\":\"search_term_string\"}}],\"inLanguage\":\"es\"},{\"@type\":\"Organization\",\"@id\":\"https:\\\/\\\/questcollegiate.com\\\/#organization\",\"name\":\"Quest Collegiate Academy\",\"url\":\"https:\\\/\\\/questcollegiate.com\\\/\",\"logo\":{\"@type\":\"ImageObject\",\"inLanguage\":\"es\",\"@id\":\"https:\\\/\\\/questcollegiate.com\\\/#\\\/schema\\\/logo\\\/image\\\/\",\"url\":\"https:\\\/\\\/questcollegiate.com\\\/wp-content\\\/uploads\\\/2021\\\/05\\\/2020-21-Logos_QuestCollegiate-logo.png\",\"contentUrl\":\"https:\\\/\\\/questcollegiate.com\\\/wp-content\\\/uploads\\\/2021\\\/05\\\/2020-21-Logos_QuestCollegiate-logo.png\",\"width\":8001,\"height\":2484,\"caption\":\"Quest Collegiate Academy\"},\"image\":{\"@id\":\"https:\\\/\\\/questcollegiate.com\\\/#\\\/schema\\\/logo\\\/image\\\/\"}}]}<\/script>\n<!-- \/ Yoast SEO plugin. -->","yoast_head_json":{"title":"Acad\u00e9micos y programas | Escuela aut\u00f3noma de preparaci\u00f3n para la universidad","description":"Explora los programas acad\u00e9micos de Quest Collegiate Academy, dise\u00f1ados para motivar y apoyar a los estudiantes a alcanzar su m\u00e1ximo potencial.","robots":{"index":"index","follow":"follow","max-snippet":"max-snippet:-1","max-image-preview":"max-image-preview:large","max-video-preview":"max-video-preview:-1"},"canonical":"https:\/\/questcollegiate.com\/es\/academicos\/","og_locale":"es_MX","og_type":"article","og_title":"Academics & Programs | College Prep Charter School","og_description":"Explore Quest Collegiate Academy's academic programs designed to challenge and support students in achieving their highest potential.","og_url":"https:\/\/questcollegiate.com\/es\/academicos\/","og_site_name":"Quest Collegiate Academy","article_modified_time":"2026-02-16T15:54:26+00:00","twitter_card":"summary_large_image","twitter_misc":{"Est. reading time":"2 minutos"},"schema":{"@context":"https:\/\/schema.org","@graph":[{"@type":"WebPage","@id":"https:\/\/questcollegiate.com\/academics\/","url":"https:\/\/questcollegiate.com\/academics\/","name":"Acad\u00e9micos y programas | Escuela aut\u00f3noma de preparaci\u00f3n para la universidad","isPartOf":{"@id":"https:\/\/questcollegiate.com\/#website"},"datePublished":"2020-11-02T20:29:39+00:00","dateModified":"2026-02-16T15:54:26+00:00","description":"Explora los programas acad\u00e9micos de Quest Collegiate Academy, dise\u00f1ados para motivar y apoyar a los estudiantes a alcanzar su m\u00e1ximo potencial.","breadcrumb":{"@id":"https:\/\/questcollegiate.com\/academics\/#breadcrumb"},"inLanguage":"es","potentialAction":[{"@type":"ReadAction","target":["https:\/\/questcollegiate.com\/academics\/"]}]},{"@type":"BreadcrumbList","@id":"https:\/\/questcollegiate.com\/academics\/#breadcrumb","itemListElement":[{"@type":"ListItem","position":1,"name":"Home","item":"https:\/\/questcollegiate.com\/"},{"@type":"ListItem","position":2,"name":"Academics"}]},{"@type":"WebSite","@id":"https:\/\/questcollegiate.com\/#website","url":"https:\/\/questcollegiate.com\/","name":"Academia Universitaria Quest","description":"Guiando a los estudiantes en su b\u00fasqueda del conocimiento","publisher":{"@id":"https:\/\/questcollegiate.com\/#organization"},"potentialAction":[{"@type":"SearchAction","target":{"@type":"EntryPoint","urlTemplate":"https:\/\/questcollegiate.com\/?s={search_term_string}"},"query-input":{"@type":"PropertyValueSpecification","valueRequired":true,"valueName":"search_term_string"}}],"inLanguage":"es"},{"@type":"Organization","@id":"https:\/\/questcollegiate.com\/#organization","name":"Academia Universitaria Quest","url":"https:\/\/questcollegiate.com\/","logo":{"@type":"ImageObject","inLanguage":"es","@id":"https:\/\/questcollegiate.com\/#\/schema\/logo\/image\/","url":"https:\/\/questcollegiate.com\/wp-content\/uploads\/2021\/05\/2020-21-Logos_QuestCollegiate-logo.png","contentUrl":"https:\/\/questcollegiate.com\/wp-content\/uploads\/2021\/05\/2020-21-Logos_QuestCollegiate-logo.png","width":8001,"height":2484,"caption":"Quest Collegiate Academy"},"image":{"@id":"https:\/\/questcollegiate.com\/#\/schema\/logo\/image\/"}}]}},"_links":{"self":[{"href":"https:\/\/questcollegiate.com\/es\/wp-json\/wp\/v2\/pages\/828","targetHints":{"allow":["GET"]}}],"collection":[{"href":"https:\/\/questcollegiate.com\/es\/wp-json\/wp\/v2\/pages"}],"about":[{"href":"https:\/\/questcollegiate.com\/es\/wp-json\/wp\/v2\/types\/page"}],"author":[{"embeddable":true,"href":"https:\/\/questcollegiate.com\/es\/wp-json\/wp\/v2\/users\/2"}],"replies":[{"embeddable":true,"href":"https:\/\/questcollegiate.com\/es\/wp-json\/wp\/v2\/comments?post=828"}],"version-history":[{"count":0,"href":"https:\/\/questcollegiate.com\/es\/wp-json\/wp\/v2\/pages\/828\/revisions"}],"wp:attachment":[{"href":"https:\/\/questcollegiate.com\/es\/wp-json\/wp\/v2\/media?parent=828"}],"curies":[{"name":"wp","href":"https:\/\/api.w.org\/{rel}","templated":true}]}}