{"id":2261,"date":"2025-04-08T18:30:26","date_gmt":"2025-04-08T18:30:26","guid":{"rendered":"https:\/\/questcollegiate.com\/?page_id=2261"},"modified":"2026-02-16T19:15:25","modified_gmt":"2026-02-16T19:15:25","slug":"mapa-de-la-pagina-de-aterrizaje","status":"publish","type":"page","link":"https:\/\/questcollegiate.com\/es\/differently\/landing-page-map\/","title":{"rendered":"Mapa de la p\u00e1gina de destino"},"content":{"rendered":"<div class=\"wp-block-toolset-blocks-container tb-container\" data-toolset-blocks-container=\"32f0d72d1a1db85514c03fe34e400807\">\n<div class=\"wp-block-toolset-blocks-grid tb-grid\" data-toolset-blocks-grid=\"3d9c399fe625e1b972f817a0680229f6\">\n<div class=\"wp-block-toolset-blocks-grid-column tb-grid-column tb-grid-align-top\" data-toolset-blocks-grid-column=\"3034fbe886c11054e95b46b09d3e4112\">\n<div class=\"wp-block-toolset-blocks-container tb-container\" data-toolset-blocks-container=\"e199bed00fcc0d36e561811cb20c507b\"><div id=\"js-wpv-addon-maps-render-map-8\" style=\"width:50%; height:500px;\" class=\"wpv-addon-maps-render js-wpv-addon-maps-render js-wpv-addon-maps-render-map-8\" data-map=\"map-8\" data-generalzoom=\"5\" data-generalcenterlat=\"0\" data-generalcenterlon=\"0\" data-fitbounds=\"on\" data-singlezoom=\"14\" data-singlecenter=\"on\" data-osmlayer=\"standard\" data-maptype=\"roadmap\" data-showlayerinterests=\"false\" data-markericon=\"\/\/questcollegiate.com\/wp-content\/uploads\/2021\/05\/brand-location-icons_quest-location.png\" data-markericonhover=\"\" data-draggable=\"on\" data-scrollwheel=\"on\" data-doubleclickzoom=\"on\" data-maptypecontrol=\"on\" data-fullscreencontrol=\"on\" data-zoomcontrol=\"on\" data-streetviewcontrol=\"on\" data-backgroundcolor=\"\" data-cluster=\"on\" data-clustergridsize=\"30\" data-clustermaxzoom=\"14\" data-clusterclickzoom=\"1\" data-clusterminsize=\"2\" data-stylejson=\"\/\/questcollegiate.com\/wp-content\/plugins\/toolset-maps\/resources\/json\/Standard.json\" data-spiderfy=\"off\" data-streetview=\"off\" data-markerid=\"\" data-location=\"\" data-lat=\"0\" data-long=\"0\" data-heading=\"\" data-pitch=\"\"><\/div><div style=\"display:none\" class=\"wpv-addon-maps-marker js-wpv-addon-maps-marker js-wpv-addon-maps-marker-marker-10 js-wpv-addon-maps-markerfor-map-8\" data-marker=\"marker-10\" data-markertitle=\"\" data-markerfor=\"map-8\" data-markerlat=\"35.147301\" data-markerlon=\"-101.867164\" data-markericon=\"\" data-markericonhover=\"\" data-streetview=\"no\" data-fromview=\"2258\"><strong>Amarillo<\/strong><br>\n<strong>Calificaciones:<\/strong> K-12<br>\n<strong>Direcci\u00f3n:<\/strong> 6000 S. Georgia St., Amarillo, TX 79118<br>\n<strong>Tel\u00e9fono:<\/strong> 806-352-0171<\/div><div style=\"display:none\" class=\"wpv-addon-maps-marker js-wpv-addon-maps-marker js-wpv-addon-maps-marker-marker-10-1 js-wpv-addon-maps-markerfor-map-8\" data-marker=\"marker-10-1\" data-markertitle=\"\" data-markerfor=\"map-8\" data-markerlat=\"32.75733\" data-markerlon=\"-97.337101\" data-markericon=\"\" data-markericonhover=\"\" data-streetview=\"no\" data-fromview=\"2258\"><strong>Fort Worth (r\u00edo Trinity)<\/strong><br>\n<strong>Calificaciones:<\/strong> 9\u201312<br>\n<strong>Direcci\u00f3n:<\/strong> 300 Trinity Campus Cir., Fort Worth, TX 76102<br>\n<strong>Tel\u00e9fono:<\/strong> 817-305-8287<\/div><div style=\"display:none\" class=\"wpv-addon-maps-marker js-wpv-addon-maps-marker js-wpv-addon-maps-marker-marker-10-2 js-wpv-addon-maps-markerfor-map-8\" data-marker=\"marker-10-2\" data-markertitle=\"\" data-markerfor=\"map-8\" data-markerlat=\"30.188166\" data-markerlon=\"-95.461686\" data-markericon=\"\" data-markericonhover=\"\" data-streetview=\"no\" data-fromview=\"2258\"><strong>Shenandoah<\/strong><br>\n<strong>Calificaciones:<\/strong> K-8<br>\n<strong>Direcci\u00f3n:<\/strong> 1488 Wellman Rd., Shenandoah, TX 77384<br>\n<strong>Tel\u00e9fono:<\/strong> 936-890-0100<\/div><div style=\"display:none\" class=\"wpv-addon-maps-marker js-wpv-addon-maps-marker js-wpv-addon-maps-marker-marker-10-3 js-wpv-addon-maps-markerfor-map-8\" data-marker=\"marker-10-3\" data-markertitle=\"\" data-markerfor=\"map-8\" data-markerlat=\"33.455703\" data-markerlon=\"-96.409815\" data-markericon=\"\" data-markericonhover=\"\" data-streetview=\"no\" data-fromview=\"2258\"><strong>Whitewright<\/strong><br>\n<strong>Calificaciones:<\/strong> K-8<br>\n<strong>Direcci\u00f3n:<\/strong> 498 Bethel-Cannon Rd., Whitewright, TX 75491<br>\n<strong>Tel\u00e9fono:<\/strong> 903-395-6063<\/div><\/div>\n<\/div>\n\n\n\n<div class=\"wp-block-toolset-blocks-grid-column tb-grid-column tb-grid-align-top\" data-toolset-blocks-grid-column=\"3034fbe886c11054e95b46b09d3e4112\">\n<div class=\"wp-block-toolset-blocks-container tb-container\" data-toolset-blocks-container=\"d1145a202a133618fec34f7d20c9dbb9\"><div class=\"wpv-view-output\" data-toolset-views-view-editor=\"cacd4a7519c498168d6c8cd52731d7f0\">\n<div class=\"wp-block-toolset-views-view-editor wpv-gutenberg-view-wrapper-2258\"><form autocomplete=\"off\" name=\"wpv-filter-2258\" action=\"\/es\/wp-json\/wp\/v2\/pages\/2261?wpv_view_count=2258\" method=\"get\" class=\"wpv-filter-form js-wpv-filter-form js-wpv-filter-form-2258 js-wpv-form-full js-wpv-ajax-results-submit-enabled\" data-viewnumber=\"2258\" data-viewid=\"2258\" data-viewhash=\"eyJuYW1lIjoiY2FtcHVzLXNlYXJjaC1sYW5kaW5nLXBhZ2UifQ==\" data-viewwidgetid=\"0\" data-orderby=\"\" data-order=\"\" data-orderbyas=\"\" data-orderbysecond=\"\" data-ordersecond=\"\" data-parametric=\"{&quot;query&quot;:&quot;normal&quot;,&quot;id&quot;:&quot;2258&quot;,&quot;view_id&quot;:&quot;2258&quot;,&quot;widget_id&quot;:0,&quot;view_hash&quot;:&quot;2258&quot;,&quot;action&quot;:&quot;\\\/es\\\/wp-json\\\/wp\\\/v2\\\/pages\\\/2261?wpv_view_count=2258&quot;,&quot;sort&quot;:{&quot;orderby&quot;:&quot;&quot;,&quot;order&quot;:&quot;&quot;,&quot;orderby_as&quot;:&quot;&quot;,&quot;orderby_second&quot;:&quot;&quot;,&quot;order_second&quot;:&quot;&quot;},&quot;orderby&quot;:&quot;&quot;,&quot;order&quot;:&quot;&quot;,&quot;orderby_as&quot;:&quot;&quot;,&quot;orderby_second&quot;:&quot;&quot;,&quot;order_second&quot;:&quot;&quot;,&quot;ajax_form&quot;:&quot;&quot;,&quot;ajax_results&quot;:&quot;&quot;,&quot;effect&quot;:&quot;fade&quot;,&quot;prebefore&quot;:&quot;&quot;,&quot;before&quot;:&quot;&quot;,&quot;after&quot;:&quot;&quot;,&quot;attributes&quot;:[],&quot;environment&quot;:{&quot;current_post_id&quot;:2261,&quot;parent_post_id&quot;:2261,&quot;parent_term_id&quot;:0,&quot;parent_user_id&quot;:0,&quot;archive&quot;:{&quot;type&quot;:&quot;&quot;,&quot;name&quot;:&quot;&quot;,&quot;data&quot;:[]}},&quot;loop&quot;:{&quot;type&quot;:&quot;&quot;,&quot;name&quot;:&quot;&quot;,&quot;data&quot;:[],&quot;id&quot;:0}}\" data-attributes=\"[]\" data-environment=\"{&quot;current_post_id&quot;:2261,&quot;parent_post_id&quot;:2261,&quot;parent_term_id&quot;:0,&quot;parent_user_id&quot;:0,&quot;archive&quot;:{&quot;type&quot;:&quot;&quot;,&quot;name&quot;:&quot;&quot;,&quot;data&quot;:[]}}\" data-trp-original-action=\"\/es\/wp-json\/wp\/v2\/pages\/2261?wpv_view_count=2258\"><input type=\"hidden\" class=\"js-wpv-dps-filter-data js-wpv-filter-data-for-this-form\" data-action=\"\/es\/wp-json\/wp\/v2\/pages\/2261?wpv_view_count=2258\" data-page=\"1\" data-ajax=\"disable\" data-effect=\"fade\" data-maxpages=\"0\" data-ajaxprebefore=\"\" data-ajaxbefore=\"\" data-ajaxafter=\"\" \/><input class=\"wpv_view_count wpv_view_count-2258\" type=\"hidden\" name=\"wpv_view_count\" value=\"2258\" \/>\n\n<div class=\"campus-search-area\">\n<div class=\"campus-search-form\"><div class=\"form-group\">Mostrar resultados dentro de \t\t\t<input type=\"number\" min=\"0\" id=\"toolset-maps-distance-value\"\n\t\t\t\tname=\"toolset_maps_distance_radius\"\n\t\t\t\tclass=\"form-control js-toolset-maps-distance-value js-wpv-filter-trigger\"\n\t\t\t\tvalue=\"30\"\n\t\t\t\trequired\n\t\t\t\taria-label=\"Distance radius\">\n\t\t\t<select class=\"js-toolset-maps-distance-unit form-control js-wpv-filter-trigger\"\n\t\t\t\t\tname=\"toolset_maps_distance_unit\"\n\t\t\t\t\tid=\"toolset-maps-distance\"\n\t\t\t\t\taria-label=\"Kil\u00f3metros o millas\">\n\t\t\t\t<option value=\"km\" >km<\/option>\n\t\t\t\t<option value=\"mi\"  selected='selected'>mi<\/option>\n\t\t\t<\/select> de \t\t\t<input type=\"text\" id=\"toolset-maps-distance-center\"\n\t\t\t\tname=\"toolset_maps_distance_center\"\n\t\t\t\tclass=\"form-control js-toolset-maps-distance-center js-wpv-filter-trigger-delayed js-toolset-maps-address-autocomplete\"\n\t\t\t\tvalue=\"\"\n\t\t\t\t\n\t\t\t\tplaceholder=\"Ingrese una ubicaci\u00f3n\"\n\t\t\t\taria-label=\"Ingrese una ubicaci\u00f3n\"\n\t\t\t><input type='button' class='btn js-toolset-maps-distance-current-location' value='Usar mi ubicaci\u00f3n' \/><\/div><\/div><div class=\"campus-search-button\"><input type=\"submit\" class=\"btn-secondary wpv-submit-trigger js-wpv-submit-trigger btn\" name=\"wpv_filter_submit\" value=\"Enviar\" \/><\/div>\n  <\/div>\n\n<input type=\"hidden\" name=\"trp-form-language\" value=\"es\"\/><\/form>\n<div class=\"map-results-container\">\n  <div id=\"wpv-view-layout-2258\" class=\"js-wpv-view-layout js-wpv-layout-responsive js-wpv-view-layout-2258\" data-viewnumber=\"2258\" data-pagination=\"{&quot;id&quot;:&quot;2258&quot;,&quot;query&quot;:&quot;normal&quot;,&quot;type&quot;:&quot;disabled&quot;,&quot;effect&quot;:&quot;fade&quot;,&quot;duration&quot;:500,&quot;speed&quot;:5,&quot;pause_on_hover&quot;:&quot;disabled&quot;,&quot;stop_rollover&quot;:&quot;false&quot;,&quot;cache_pages&quot;:&quot;enabled&quot;,&quot;preload_images&quot;:&quot;enabled&quot;,&quot;preload_pages&quot;:&quot;enabled&quot;,&quot;preload_reach&quot;:1,&quot;spinner&quot;:&quot;builtin&quot;,&quot;spinner_image&quot;:&quot;https:\/\/questcolaca.wpengine.com\/wp-content\/plugins\/toolset-blocks\/embedded\/res\/img\/ajax-loader.gif&quot;,&quot;callback_next&quot;:&quot;&quot;,&quot;manage_history&quot;:&quot;disabled&quot;,&quot;has_controls_in_form&quot;:&quot;disabled&quot;,&quot;infinite_tolerance&quot;:&quot;0&quot;,&quot;max_pages&quot;:0,&quot;page&quot;:1,&quot;base_permalink&quot;:&quot;\/es\/wp-json\/wp\/v2\/pages\/2261?wpv_view_count=2258&amp;wpv_paged=WPV_PAGE_NUM&quot;,&quot;loop&quot;:{&quot;type&quot;:&quot;&quot;,&quot;name&quot;:&quot;&quot;,&quot;data&quot;:[],&quot;id&quot;:0}}\" data-permalink=\"\/es\/wp-json\/wp\/v2\/pages\/2261?wpv_view_count=2258\">\n\n\t\n\t\n\t<ul class=\"wpv-loop js-wpv-loop\">\n\t\t\n\t\t\t<li>\n<div class=\"wp-block-toolset-blocks-container tb-container search-result\" data-toolset-blocks-container=\"7a9e406412d5cdb38a2e52d6f7667df9\">\n<div class=\"tb-fields-and-text search-campus-title\" data-toolset-blocks-fields-and-text=\"1a0bbc2f857b48290fa5b7094f8c2a53\"><p>Amarillo<span id=\"tb-caret-placement-fix\" class=\"tb-shortcode-placeholder\">&nbsp;<\/span><\/p><\/div>\n\n<div class=\"tb-fields-and-text\" data-toolset-blocks-fields-and-text=\"6117ffad15cb4dcb9d6323379c6348df\"><p><strong>Calificaciones:<\/strong>&nbsp;K-12<\/p><\/div>\n\n<div class=\"tb-fields-and-text\" data-toolset-blocks-fields-and-text=\"18aa46bd22cf657f8a50b1865f59b901\"><p><strong>Direcci\u00f3n:<\/strong>&nbsp;<a href=\"https:\/\/goo.gl\/maps\/jNiFjrBpAPL37eVX7\" target=\"_blank\" rel=\"noopener\">6000 S. Georgia St., Amarillo, TX 79118<\/a><\/p><\/div>\n\n<div class=\"tb-fields-and-text\" data-toolset-blocks-fields-and-text=\"6117ffad15cb4dcb9d6323379c6348df\"><p><strong>Tel\u00e9fono:<\/strong>&nbsp;806-352-0171<\/p><\/div>\n\n<div class=\"tb-button\" data-toolset-blocks-button=\"8dee0cfb12e1486a4745f7220a26c104\"><a class=\"tb-button__link\" href=\"https:\/\/questcollegiate.com\/es\/amarillo\/#enroll-form\" target=\"_blank\"><span class=\"tb-button__content\">Inscr\u00edbase ahora<\/span><i class=\"tb-button__icon\"><\/i><\/a><\/div>\n\n\n\n\n\n\n<\/div>\n<\/li>\n\t\t\n\t\t\t<li>\n<div class=\"wp-block-toolset-blocks-container tb-container search-result\" data-toolset-blocks-container=\"7a9e406412d5cdb38a2e52d6f7667df9\">\n<div class=\"tb-fields-and-text search-campus-title\" data-toolset-blocks-fields-and-text=\"1a0bbc2f857b48290fa5b7094f8c2a53\"><p>Fort Worth (r\u00edo Trinity)<span id=\"tb-caret-placement-fix\" class=\"tb-shortcode-placeholder\">&nbsp;<\/span><\/p><\/div>\n\n<div class=\"tb-fields-and-text\" data-toolset-blocks-fields-and-text=\"6117ffad15cb4dcb9d6323379c6348df\"><p><strong>Calificaciones:<\/strong>&nbsp;9\u201312<\/p><\/div>\n\n<div class=\"tb-fields-and-text\" data-toolset-blocks-fields-and-text=\"18aa46bd22cf657f8a50b1865f59b901\"><p><strong>Direcci\u00f3n:<\/strong>&nbsp;<a href=\"https:\/\/maps.app.goo.gl\/PbGuMjnJnBSWqzXr8\" target=\"_blank\" rel=\"noopener\">300 Trinity Campus Cir., Fort Worth, TX 76102<\/a><\/p><\/div>\n\n<div class=\"tb-fields-and-text\" data-toolset-blocks-fields-and-text=\"6117ffad15cb4dcb9d6323379c6348df\"><p><strong>Tel\u00e9fono:<\/strong>&nbsp;817-305-8287<\/p><\/div>\n\n<div class=\"tb-button\" data-toolset-blocks-button=\"8dee0cfb12e1486a4745f7220a26c104\"><a class=\"tb-button__link\" href=\"https:\/\/questcollegiate.com\/es\/fort-worth\/#enroll-form\" target=\"_blank\"><span class=\"tb-button__content\">Inscr\u00edbase ahora<\/span><i class=\"tb-button__icon\"><\/i><\/a><\/div>\n\n\n\n\n\n\n<\/div>\n<\/li>\n\t\t\n\t\t\t<li>\n<div class=\"wp-block-toolset-blocks-container tb-container search-result\" data-toolset-blocks-container=\"7a9e406412d5cdb38a2e52d6f7667df9\">\n<div class=\"tb-fields-and-text search-campus-title\" data-toolset-blocks-fields-and-text=\"1a0bbc2f857b48290fa5b7094f8c2a53\"><p>Shenandoah<span id=\"tb-caret-placement-fix\" class=\"tb-shortcode-placeholder\">&nbsp;<\/span><\/p><\/div>\n\n<div class=\"tb-fields-and-text\" data-toolset-blocks-fields-and-text=\"6117ffad15cb4dcb9d6323379c6348df\"><p><strong>Calificaciones:<\/strong>&nbsp;K-8<\/p><\/div>\n\n<div class=\"tb-fields-and-text\" data-toolset-blocks-fields-and-text=\"18aa46bd22cf657f8a50b1865f59b901\"><p><strong>Direcci\u00f3n:<\/strong>&nbsp;<a href=\"https:\/\/goo.gl\/maps\/p7aGHVCkZPJTGZ146\" target=\"_blank\" rel=\"noopener\">1488 Wellman Rd., Shenandoah, TX 77384<\/a><\/p><\/div>\n\n<div class=\"tb-fields-and-text\" data-toolset-blocks-fields-and-text=\"6117ffad15cb4dcb9d6323379c6348df\"><p><strong>Tel\u00e9fono:<\/strong>&nbsp;936-890-0100<\/p><\/div>\n\n<div class=\"tb-button\" data-toolset-blocks-button=\"8dee0cfb12e1486a4745f7220a26c104\"><a class=\"tb-button__link\" href=\"https:\/\/questcollegiate.com\/es\/shenandoah\/#enroll-form\" target=\"_blank\"><span class=\"tb-button__content\">Inscr\u00edbase ahora<\/span><i class=\"tb-button__icon\"><\/i><\/a><\/div>\n\n\n\n\n<div class=\"tb-fields-and-text custom-generic-btn\" data-toolset-blocks-fields-and-text=\"83cc05d3ebc3c89d167add9dfc224946\"><p><span class=\"tb-shortcode-placeholder\">\u00a0<\/span><p>\n\t\t\t<button id=\"eventbrite-widget-modal-trigger-1985838963798\" type=\"button\">\u00daNETE A NUESTRA REUNI\u00d3N INFORMATIVA PARA PADRES<\/button>\n\t\t\t<script type=\"text\/javascript\" src=\"https:\/\/www.eventbrite.com\/static\/widgets\/eb_widgets.js\"><\/script>\n\t\t\t<script type=\"text\/javascript\">\n\t\t\t    var OrderCompleteLog = function() {\n\t\t\t        console.log(\"Order complete!\");\n\t\t\t    };\n\n\t\t\t    window.EBWidgets.createWidget({\n\t\t\t        widgetType: \"checkout\",\n\t\t\t        eventId: \"1985838963798\",\n\t\t\t        modal: true,\n\t\t\t        modalTriggerElementId: \"eventbrite-widget-modal-trigger-1985838963798\",\n\t\t\t        onOrderComplete: OrderCompleteLog\n\t\t\t    });\n\t\t\t<\/script><\/p>\n<span id=\"tb-caret-placement-fix\" class=\"tb-shortcode-placeholder\">\u00a0<\/span><\/p><\/div>\n\n\n\n<\/div>\n<\/li>\n\t\t\n\t\t\t<li>\n<div class=\"wp-block-toolset-blocks-container tb-container search-result\" data-toolset-blocks-container=\"7a9e406412d5cdb38a2e52d6f7667df9\">\n<div class=\"tb-fields-and-text search-campus-title\" data-toolset-blocks-fields-and-text=\"1a0bbc2f857b48290fa5b7094f8c2a53\"><p>Whitewright<span id=\"tb-caret-placement-fix\" class=\"tb-shortcode-placeholder\">&nbsp;<\/span><\/p><\/div>\n\n<div class=\"tb-fields-and-text\" data-toolset-blocks-fields-and-text=\"6117ffad15cb4dcb9d6323379c6348df\"><p><strong>Calificaciones:<\/strong>&nbsp;K-8<\/p><\/div>\n\n<div class=\"tb-fields-and-text\" data-toolset-blocks-fields-and-text=\"18aa46bd22cf657f8a50b1865f59b901\"><p><strong>Direcci\u00f3n:<\/strong>&nbsp;<a href=\"https:\/\/goo.gl\/maps\/Hgpz9PCtrN9SBsEe6\" target=\"_blank\" rel=\"noopener\">498 Bethel-Cannon Rd., Whitewright, TX 75491<\/a><\/p><\/div>\n\n<div class=\"tb-fields-and-text\" data-toolset-blocks-fields-and-text=\"6117ffad15cb4dcb9d6323379c6348df\"><p><strong>Tel\u00e9fono:<\/strong>&nbsp;903-395-6063<\/p><\/div>\n\n<div class=\"tb-button\" data-toolset-blocks-button=\"8dee0cfb12e1486a4745f7220a26c104\"><a class=\"tb-button__link\" href=\"https:\/\/questcollegiate.com\/es\/whitewright\/#enroll-form\" target=\"_blank\"><span class=\"tb-button__content\">Inscr\u00edbase ahora<\/span><i class=\"tb-button__icon\"><\/i><\/a><\/div>\n\n\n<div class=\"tb-fields-and-text custom-generic-btn\" data-toolset-blocks-fields-and-text=\"94c7b6dff48fb447a5f4a7246442e58f\"><p>\n\t\t\t<button id=\"eventbrite-widget-modal-trigger-1983113410595\" type=\"button\">\u00daNETE A NUESTRA REUNI\u00d3N INFORMATIVA SOBRE EL KINDERGARTEN<\/button>\n\t\t\t<script type=\"text\/javascript\" src=\"https:\/\/www.eventbrite.com\/static\/widgets\/eb_widgets.js\"><\/script>\n\t\t\t<script type=\"text\/javascript\">\n\t\t\t    var OrderCompleteLog = function() {\n\t\t\t        console.log(\"Order complete!\");\n\t\t\t    };\n\n\t\t\t    window.EBWidgets.createWidget({\n\t\t\t        widgetType: \"checkout\",\n\t\t\t        eventId: \"1983113410595\",\n\t\t\t        modal: true,\n\t\t\t        modalTriggerElementId: \"eventbrite-widget-modal-trigger-1983113410595\",\n\t\t\t        onOrderComplete: OrderCompleteLog\n\t\t\t    });\n\t\t\t<\/script><\/p><\/div>\n\n\n\n\n\n<\/div>\n<\/li>\n\t\t\n\t<\/ul>\n\t\n\t\n\t\n<\/div>\n<\/div><\/div>\n<\/div><\/div>\n<\/div>\n<\/div>\n<\/div>","protected":false},"excerpt":{"rendered":"","protected":false},"author":16,"featured_media":0,"parent":2253,"menu_order":0,"comment_status":"closed","ping_status":"closed","template":"","meta":{"footnotes":""},"class_list":["post-2261","page","type-page","status-publish"],"yoast_head":"<!-- This site is optimized with the Yoast SEO plugin v27.4 - https:\/\/yoast.com\/product\/yoast-seo-wordpress\/ -->\n<title>Find a Campus Near You | Quest Collegiate Academy<\/title>\n<meta name=\"description\" content=\"Explore Quest Collegiate Academy campuses across Texas. Use our interactive map to find a tuition-free charter school near you and start your enrollment journey today.\" \/>\n<meta name=\"robots\" content=\"index, follow, max-snippet:-1, max-image-preview:large, max-video-preview:-1\" \/>\n<link rel=\"canonical\" href=\"https:\/\/questcollegiate.com\/es\/de-manera-diferente\/mapa-de-la-pagina-de-aterrizaje\/\" \/>\n<meta property=\"og:locale\" content=\"es_MX\" \/>\n<meta property=\"og:type\" content=\"article\" \/>\n<meta property=\"og:title\" content=\"Find a Campus Near You | Quest Collegiate Academy\" \/>\n<meta property=\"og:description\" content=\"Explore Quest Collegiate Academy campuses across Texas. Use our interactive map to find a tuition-free charter school near you and start your enrollment journey today.\" \/>\n<meta property=\"og:url\" content=\"https:\/\/questcollegiate.com\/es\/de-manera-diferente\/mapa-de-la-pagina-de-aterrizaje\/\" \/>\n<meta property=\"og:site_name\" content=\"Quest Collegiate Academy\" \/>\n<meta property=\"article:modified_time\" content=\"2026-02-16T19:15:25+00:00\" \/>\n<meta name=\"twitter:card\" content=\"summary_large_image\" \/>\n<meta name=\"twitter:label1\" content=\"Est. reading time\" \/>\n\t<meta name=\"twitter:data1\" content=\"1 minuto\" \/>\n<script type=\"application\/ld+json\" class=\"yoast-schema-graph\">{\"@context\":\"https:\\\/\\\/schema.org\",\"@graph\":[{\"@type\":\"WebPage\",\"@id\":\"https:\\\/\\\/questcollegiate.com\\\/differently\\\/landing-page-map\\\/\",\"url\":\"https:\\\/\\\/questcollegiate.com\\\/differently\\\/landing-page-map\\\/\",\"name\":\"Find a Campus Near You | Quest Collegiate Academy\",\"isPartOf\":{\"@id\":\"https:\\\/\\\/questcollegiate.com\\\/#website\"},\"datePublished\":\"2025-04-08T18:30:26+00:00\",\"dateModified\":\"2026-02-16T19:15:25+00:00\",\"description\":\"Explore Quest Collegiate Academy campuses across Texas. Use our interactive map to find a tuition-free charter school near you and start your enrollment journey today.\",\"breadcrumb\":{\"@id\":\"https:\\\/\\\/questcollegiate.com\\\/differently\\\/landing-page-map\\\/#breadcrumb\"},\"inLanguage\":\"es\",\"potentialAction\":[{\"@type\":\"ReadAction\",\"target\":[\"https:\\\/\\\/questcollegiate.com\\\/differently\\\/landing-page-map\\\/\"]}]},{\"@type\":\"BreadcrumbList\",\"@id\":\"https:\\\/\\\/questcollegiate.com\\\/differently\\\/landing-page-map\\\/#breadcrumb\",\"itemListElement\":[{\"@type\":\"ListItem\",\"position\":1,\"name\":\"Home\",\"item\":\"https:\\\/\\\/questcollegiate.com\\\/\"},{\"@type\":\"ListItem\",\"position\":2,\"name\":\"Teaching Differently\",\"item\":\"https:\\\/\\\/questcollegiate.com\\\/differently\\\/\"},{\"@type\":\"ListItem\",\"position\":3,\"name\":\"Landing Page Map\"}]},{\"@type\":\"WebSite\",\"@id\":\"https:\\\/\\\/questcollegiate.com\\\/#website\",\"url\":\"https:\\\/\\\/questcollegiate.com\\\/\",\"name\":\"Quest Collegiate Academy\",\"description\":\"Guiding Scholars on Their Quest for Knowledge\",\"publisher\":{\"@id\":\"https:\\\/\\\/questcollegiate.com\\\/#organization\"},\"potentialAction\":[{\"@type\":\"SearchAction\",\"target\":{\"@type\":\"EntryPoint\",\"urlTemplate\":\"https:\\\/\\\/questcollegiate.com\\\/?s={search_term_string}\"},\"query-input\":{\"@type\":\"PropertyValueSpecification\",\"valueRequired\":true,\"valueName\":\"search_term_string\"}}],\"inLanguage\":\"es\"},{\"@type\":\"Organization\",\"@id\":\"https:\\\/\\\/questcollegiate.com\\\/#organization\",\"name\":\"Quest Collegiate Academy\",\"url\":\"https:\\\/\\\/questcollegiate.com\\\/\",\"logo\":{\"@type\":\"ImageObject\",\"inLanguage\":\"es\",\"@id\":\"https:\\\/\\\/questcollegiate.com\\\/#\\\/schema\\\/logo\\\/image\\\/\",\"url\":\"https:\\\/\\\/questcollegiate.com\\\/wp-content\\\/uploads\\\/2021\\\/05\\\/2020-21-Logos_QuestCollegiate-logo.png\",\"contentUrl\":\"https:\\\/\\\/questcollegiate.com\\\/wp-content\\\/uploads\\\/2021\\\/05\\\/2020-21-Logos_QuestCollegiate-logo.png\",\"width\":8001,\"height\":2484,\"caption\":\"Quest Collegiate Academy\"},\"image\":{\"@id\":\"https:\\\/\\\/questcollegiate.com\\\/#\\\/schema\\\/logo\\\/image\\\/\"}}]}<\/script>\n<!-- \/ Yoast SEO plugin. -->","yoast_head_json":{"title":"Encuentre un campus cerca de usted | Quest Collegiate Academy","description":"Explora los campus de Quest Collegiate Academy en todo Texas. Usa nuestro mapa interactivo para encontrar una escuela aut\u00f3noma sin cuotas de matr\u00edcula cerca de ti y comienza hoy mismo el proceso de inscripci\u00f3n.","robots":{"index":"index","follow":"follow","max-snippet":"max-snippet:-1","max-image-preview":"max-image-preview:large","max-video-preview":"max-video-preview:-1"},"canonical":"https:\/\/questcollegiate.com\/es\/de-manera-diferente\/mapa-de-la-pagina-de-aterrizaje\/","og_locale":"es_MX","og_type":"article","og_title":"Find a Campus Near You | Quest Collegiate Academy","og_description":"Explore Quest Collegiate Academy campuses across Texas. Use our interactive map to find a tuition-free charter school near you and start your enrollment journey today.","og_url":"https:\/\/questcollegiate.com\/es\/de-manera-diferente\/mapa-de-la-pagina-de-aterrizaje\/","og_site_name":"Quest Collegiate Academy","article_modified_time":"2026-02-16T19:15:25+00:00","twitter_card":"summary_large_image","twitter_misc":{"Est. reading time":"1 minuto"},"schema":{"@context":"https:\/\/schema.org","@graph":[{"@type":"WebPage","@id":"https:\/\/questcollegiate.com\/differently\/landing-page-map\/","url":"https:\/\/questcollegiate.com\/differently\/landing-page-map\/","name":"Encuentre un campus cerca de usted | Quest Collegiate Academy","isPartOf":{"@id":"https:\/\/questcollegiate.com\/#website"},"datePublished":"2025-04-08T18:30:26+00:00","dateModified":"2026-02-16T19:15:25+00:00","description":"Explora los campus de Quest Collegiate Academy en todo Texas. Usa nuestro mapa interactivo para encontrar una escuela aut\u00f3noma sin cuotas de matr\u00edcula cerca de ti y comienza hoy mismo el proceso de inscripci\u00f3n.","breadcrumb":{"@id":"https:\/\/questcollegiate.com\/differently\/landing-page-map\/#breadcrumb"},"inLanguage":"es","potentialAction":[{"@type":"ReadAction","target":["https:\/\/questcollegiate.com\/differently\/landing-page-map\/"]}]},{"@type":"BreadcrumbList","@id":"https:\/\/questcollegiate.com\/differently\/landing-page-map\/#breadcrumb","itemListElement":[{"@type":"ListItem","position":1,"name":"Home","item":"https:\/\/questcollegiate.com\/"},{"@type":"ListItem","position":2,"name":"Teaching Differently","item":"https:\/\/questcollegiate.com\/differently\/"},{"@type":"ListItem","position":3,"name":"Landing Page Map"}]},{"@type":"WebSite","@id":"https:\/\/questcollegiate.com\/#website","url":"https:\/\/questcollegiate.com\/","name":"Academia Universitaria Quest","description":"Guiando a los estudiantes en su b\u00fasqueda del conocimiento","publisher":{"@id":"https:\/\/questcollegiate.com\/#organization"},"potentialAction":[{"@type":"SearchAction","target":{"@type":"EntryPoint","urlTemplate":"https:\/\/questcollegiate.com\/?s={search_term_string}"},"query-input":{"@type":"PropertyValueSpecification","valueRequired":true,"valueName":"search_term_string"}}],"inLanguage":"es"},{"@type":"Organization","@id":"https:\/\/questcollegiate.com\/#organization","name":"Academia Universitaria Quest","url":"https:\/\/questcollegiate.com\/","logo":{"@type":"ImageObject","inLanguage":"es","@id":"https:\/\/questcollegiate.com\/#\/schema\/logo\/image\/","url":"https:\/\/questcollegiate.com\/wp-content\/uploads\/2021\/05\/2020-21-Logos_QuestCollegiate-logo.png","contentUrl":"https:\/\/questcollegiate.com\/wp-content\/uploads\/2021\/05\/2020-21-Logos_QuestCollegiate-logo.png","width":8001,"height":2484,"caption":"Quest Collegiate Academy"},"image":{"@id":"https:\/\/questcollegiate.com\/#\/schema\/logo\/image\/"}}]}},"_links":{"self":[{"href":"https:\/\/questcollegiate.com\/es\/wp-json\/wp\/v2\/pages\/2261","targetHints":{"allow":["GET"]}}],"collection":[{"href":"https:\/\/questcollegiate.com\/es\/wp-json\/wp\/v2\/pages"}],"about":[{"href":"https:\/\/questcollegiate.com\/es\/wp-json\/wp\/v2\/types\/page"}],"author":[{"embeddable":true,"href":"https:\/\/questcollegiate.com\/es\/wp-json\/wp\/v2\/users\/16"}],"replies":[{"embeddable":true,"href":"https:\/\/questcollegiate.com\/es\/wp-json\/wp\/v2\/comments?post=2261"}],"version-history":[{"count":0,"href":"https:\/\/questcollegiate.com\/es\/wp-json\/wp\/v2\/pages\/2261\/revisions"}],"up":[{"embeddable":true,"href":"https:\/\/questcollegiate.com\/es\/wp-json\/wp\/v2\/pages\/2253"}],"wp:attachment":[{"href":"https:\/\/questcollegiate.com\/es\/wp-json\/wp\/v2\/media?parent=2261"}],"curies":[{"name":"wp","href":"https:\/\/api.w.org\/{rel}","templated":true}]}}