{"id":2110,"date":"2024-05-14T18:14:47","date_gmt":"2024-05-14T18:14:47","guid":{"rendered":"https:\/\/questcollegiate.com\/?page_id=2110"},"modified":"2024-10-04T19:58:11","modified_gmt":"2024-10-04T19:58:11","slug":"informacion-requerida-por-el-estado","status":"publish","type":"page","link":"https:\/\/questcollegiate.com\/es\/state-required-information\/","title":{"rendered":"Informaci\u00f3n requerida por el estado"},"content":{"rendered":"<header class=\"wp-block-toolset-blocks-container tb-container alignfull\" data-toolset-blocks-container=\"61ae58b977399f28b4ddac4e1c76ca8e\">\n<h1 class=\"tb-heading\" data-toolset-blocks-heading=\"59c076da5154afa5bbb8f2b495b6295a\" data-last-update=\"1.4\">informaci\u00f3n requerida por el estado<\/h1>\n<\/header>\n\n\n\n<div class=\"wp-block-toolset-blocks-container tb-container\" data-toolset-blocks-container=\"244af8215f0b4617f2ada3a739044a36\">\n<div class=\"wp-block-toolset-blocks-container tb-container aligncenter\" data-toolset-blocks-container=\"60146a319a2ee1cf1f4700334c717a2c\">\n<div class=\"wp-block-toolset-blocks-container tb-container\" data-toolset-blocks-container=\"c59e6ea9d5bd7cc4ff7d018d5afdf3d0\">\n<div class=\"tb-fields-and-text\" data-toolset-blocks-fields-and-text=\"3e1d2592ce20bdf2bf813c9dfa44c991\"><p style=\"text-align: center;\">Lista de documentos requeridos por el estado:<\/p>\n<p style=\"text-align: center;\"><a href=\"https:\/\/docs.google.com\/document\/d\/e\/2PACX-1vSqLtxVKHNmm3A3PLVZ6ief9f2y_8k8sz545CMwVrWWGnB_qHg6lr5N8LEbU6QfZOVcKjCiWEYNhDVQ\/pub\">Participaci\u00f3n familiar en TEA PreK<\/a><\/p><\/div>\n<\/div>\n<\/div>\n<\/div>","protected":false},"excerpt":{"rendered":"","protected":false},"author":16,"featured_media":0,"parent":0,"menu_order":0,"comment_status":"closed","ping_status":"closed","template":"","meta":{"footnotes":""},"class_list":["post-2110","page","type-page","status-publish"],"yoast_head":"<!-- This site is optimized with the Yoast SEO plugin v27.4 - https:\/\/yoast.com\/product\/yoast-seo-wordpress\/ -->\n<title>State Required Information &amp; Policies | Quest Collegiate Academy<\/title>\n<meta name=\"description\" content=\"Access state-required information about Quest Collegiate Academy, including policies, procedures, and compliance documentation for public charter schools.\" \/>\n<meta name=\"robots\" content=\"index, follow, max-snippet:-1, max-image-preview:large, max-video-preview:-1\" \/>\n<link rel=\"canonical\" href=\"https:\/\/questcollegiate.com\/es\/informacion-requerida-por-el-estado\/\" \/>\n<meta property=\"og:locale\" content=\"es_MX\" \/>\n<meta property=\"og:type\" content=\"article\" \/>\n<meta property=\"og:title\" content=\"State Required Information &amp; Policies | Quest Collegiate Academy\" \/>\n<meta property=\"og:description\" content=\"Access state-required information about Quest Collegiate Academy, including policies, procedures, and compliance documentation for public charter schools.\" \/>\n<meta property=\"og:url\" content=\"https:\/\/questcollegiate.com\/es\/informacion-requerida-por-el-estado\/\" \/>\n<meta property=\"og:site_name\" content=\"Quest Collegiate Academy\" \/>\n<meta property=\"article:modified_time\" content=\"2024-10-04T19:58:11+00:00\" \/>\n<meta name=\"twitter:card\" content=\"summary_large_image\" \/>\n<meta name=\"twitter:label1\" content=\"Est. reading time\" \/>\n\t<meta name=\"twitter:data1\" content=\"1 minuto\" \/>\n<script type=\"application\/ld+json\" class=\"yoast-schema-graph\">{\"@context\":\"https:\\\/\\\/schema.org\",\"@graph\":[{\"@type\":\"WebPage\",\"@id\":\"https:\\\/\\\/questcollegiate.com\\\/state-required-information\\\/\",\"url\":\"https:\\\/\\\/questcollegiate.com\\\/state-required-information\\\/\",\"name\":\"State Required Information & Policies | Quest Collegiate Academy\",\"isPartOf\":{\"@id\":\"https:\\\/\\\/questcollegiate.com\\\/#website\"},\"datePublished\":\"2024-05-14T18:14:47+00:00\",\"dateModified\":\"2024-10-04T19:58:11+00:00\",\"description\":\"Access state-required information about Quest Collegiate Academy, including policies, procedures, and compliance documentation for public charter schools.\",\"breadcrumb\":{\"@id\":\"https:\\\/\\\/questcollegiate.com\\\/state-required-information\\\/#breadcrumb\"},\"inLanguage\":\"es\",\"potentialAction\":[{\"@type\":\"ReadAction\",\"target\":[\"https:\\\/\\\/questcollegiate.com\\\/state-required-information\\\/\"]}]},{\"@type\":\"BreadcrumbList\",\"@id\":\"https:\\\/\\\/questcollegiate.com\\\/state-required-information\\\/#breadcrumb\",\"itemListElement\":[{\"@type\":\"ListItem\",\"position\":1,\"name\":\"Home\",\"item\":\"https:\\\/\\\/questcollegiate.com\\\/\"},{\"@type\":\"ListItem\",\"position\":2,\"name\":\"State Required Information\"}]},{\"@type\":\"WebSite\",\"@id\":\"https:\\\/\\\/questcollegiate.com\\\/#website\",\"url\":\"https:\\\/\\\/questcollegiate.com\\\/\",\"name\":\"Quest Collegiate Academy\",\"description\":\"Guiding Scholars on Their Quest for Knowledge\",\"publisher\":{\"@id\":\"https:\\\/\\\/questcollegiate.com\\\/#organization\"},\"potentialAction\":[{\"@type\":\"SearchAction\",\"target\":{\"@type\":\"EntryPoint\",\"urlTemplate\":\"https:\\\/\\\/questcollegiate.com\\\/?s={search_term_string}\"},\"query-input\":{\"@type\":\"PropertyValueSpecification\",\"valueRequired\":true,\"valueName\":\"search_term_string\"}}],\"inLanguage\":\"es\"},{\"@type\":\"Organization\",\"@id\":\"https:\\\/\\\/questcollegiate.com\\\/#organization\",\"name\":\"Quest Collegiate Academy\",\"url\":\"https:\\\/\\\/questcollegiate.com\\\/\",\"logo\":{\"@type\":\"ImageObject\",\"inLanguage\":\"es\",\"@id\":\"https:\\\/\\\/questcollegiate.com\\\/#\\\/schema\\\/logo\\\/image\\\/\",\"url\":\"https:\\\/\\\/questcollegiate.com\\\/wp-content\\\/uploads\\\/2021\\\/05\\\/2020-21-Logos_QuestCollegiate-logo.png\",\"contentUrl\":\"https:\\\/\\\/questcollegiate.com\\\/wp-content\\\/uploads\\\/2021\\\/05\\\/2020-21-Logos_QuestCollegiate-logo.png\",\"width\":8001,\"height\":2484,\"caption\":\"Quest Collegiate Academy\"},\"image\":{\"@id\":\"https:\\\/\\\/questcollegiate.com\\\/#\\\/schema\\\/logo\\\/image\\\/\"}}]}<\/script>\n<!-- \/ Yoast SEO plugin. -->","yoast_head_json":{"title":"Informaci\u00f3n y pol\u00edticas exigidas por el estado | Quest Collegiate Academy","description":"Acceda a la informaci\u00f3n requerida por el estado sobre Quest Collegiate Academy, incluidas las pol\u00edticas, los procedimientos y la documentaci\u00f3n de cumplimiento para las escuelas p\u00fablicas aut\u00f3nomas.","robots":{"index":"index","follow":"follow","max-snippet":"max-snippet:-1","max-image-preview":"max-image-preview:large","max-video-preview":"max-video-preview:-1"},"canonical":"https:\/\/questcollegiate.com\/es\/informacion-requerida-por-el-estado\/","og_locale":"es_MX","og_type":"article","og_title":"State Required Information & Policies | Quest Collegiate Academy","og_description":"Access state-required information about Quest Collegiate Academy, including policies, procedures, and compliance documentation for public charter schools.","og_url":"https:\/\/questcollegiate.com\/es\/informacion-requerida-por-el-estado\/","og_site_name":"Quest Collegiate Academy","article_modified_time":"2024-10-04T19:58:11+00:00","twitter_card":"summary_large_image","twitter_misc":{"Est. reading time":"1 minuto"},"schema":{"@context":"https:\/\/schema.org","@graph":[{"@type":"WebPage","@id":"https:\/\/questcollegiate.com\/state-required-information\/","url":"https:\/\/questcollegiate.com\/state-required-information\/","name":"Informaci\u00f3n y pol\u00edticas exigidas por el estado | Quest Collegiate Academy","isPartOf":{"@id":"https:\/\/questcollegiate.com\/#website"},"datePublished":"2024-05-14T18:14:47+00:00","dateModified":"2024-10-04T19:58:11+00:00","description":"Acceda a la informaci\u00f3n requerida por el estado sobre Quest Collegiate Academy, incluidas las pol\u00edticas, los procedimientos y la documentaci\u00f3n de cumplimiento para las escuelas p\u00fablicas aut\u00f3nomas.","breadcrumb":{"@id":"https:\/\/questcollegiate.com\/state-required-information\/#breadcrumb"},"inLanguage":"es","potentialAction":[{"@type":"ReadAction","target":["https:\/\/questcollegiate.com\/state-required-information\/"]}]},{"@type":"BreadcrumbList","@id":"https:\/\/questcollegiate.com\/state-required-information\/#breadcrumb","itemListElement":[{"@type":"ListItem","position":1,"name":"Home","item":"https:\/\/questcollegiate.com\/"},{"@type":"ListItem","position":2,"name":"State Required Information"}]},{"@type":"WebSite","@id":"https:\/\/questcollegiate.com\/#website","url":"https:\/\/questcollegiate.com\/","name":"Academia Universitaria Quest","description":"Guiando a los estudiantes en su b\u00fasqueda del conocimiento","publisher":{"@id":"https:\/\/questcollegiate.com\/#organization"},"potentialAction":[{"@type":"SearchAction","target":{"@type":"EntryPoint","urlTemplate":"https:\/\/questcollegiate.com\/?s={search_term_string}"},"query-input":{"@type":"PropertyValueSpecification","valueRequired":true,"valueName":"search_term_string"}}],"inLanguage":"es"},{"@type":"Organization","@id":"https:\/\/questcollegiate.com\/#organization","name":"Academia Universitaria Quest","url":"https:\/\/questcollegiate.com\/","logo":{"@type":"ImageObject","inLanguage":"es","@id":"https:\/\/questcollegiate.com\/#\/schema\/logo\/image\/","url":"https:\/\/questcollegiate.com\/wp-content\/uploads\/2021\/05\/2020-21-Logos_QuestCollegiate-logo.png","contentUrl":"https:\/\/questcollegiate.com\/wp-content\/uploads\/2021\/05\/2020-21-Logos_QuestCollegiate-logo.png","width":8001,"height":2484,"caption":"Quest Collegiate Academy"},"image":{"@id":"https:\/\/questcollegiate.com\/#\/schema\/logo\/image\/"}}]}},"_links":{"self":[{"href":"https:\/\/questcollegiate.com\/es\/wp-json\/wp\/v2\/pages\/2110","targetHints":{"allow":["GET"]}}],"collection":[{"href":"https:\/\/questcollegiate.com\/es\/wp-json\/wp\/v2\/pages"}],"about":[{"href":"https:\/\/questcollegiate.com\/es\/wp-json\/wp\/v2\/types\/page"}],"author":[{"embeddable":true,"href":"https:\/\/questcollegiate.com\/es\/wp-json\/wp\/v2\/users\/16"}],"replies":[{"embeddable":true,"href":"https:\/\/questcollegiate.com\/es\/wp-json\/wp\/v2\/comments?post=2110"}],"version-history":[{"count":0,"href":"https:\/\/questcollegiate.com\/es\/wp-json\/wp\/v2\/pages\/2110\/revisions"}],"wp:attachment":[{"href":"https:\/\/questcollegiate.com\/es\/wp-json\/wp\/v2\/media?parent=2110"}],"curies":[{"name":"wp","href":"https:\/\/api.w.org\/{rel}","templated":true}]}}