{"id":1994,"date":"2021-05-24T19:11:41","date_gmt":"2021-05-24T19:11:41","guid":{"rendered":"https:\/\/questcolaca.wpengine.com\/?page_id=1994"},"modified":"2026-02-16T15:50:06","modified_gmt":"2026-02-16T15:50:06","slug":"plan-de-estudios","status":"publish","type":"page","link":"https:\/\/questcollegiate.com\/es\/curriculum\/","title":{"rendered":"Plan de estudios"},"content":{"rendered":"<div class=\"wp-block-toolset-blocks-container tb-container dark-overlay\" data-toolset-blocks-container=\"19334e07737b91d67b2ed3ba1250b541\">\n<div class=\"wp-block-toolset-blocks-container tb-container dark-overlay landing-list-light\" data-toolset-blocks-container=\"9761cb2ee7cf8bca3de8a2dff56d4c7e\">\n<div class=\"tb-fields-and-text\" data-toolset-blocks-fields-and-text=\"6b5d0aefd530081aa86f048369c5d5ec\"><h1>PLAN DE ESTUDIOS<\/h1><\/div>\n\n\n\n<div class=\"tb-fields-and-text\" data-toolset-blocks-fields-and-text=\"de008fb8b58fae9e19e6b200d761555d\"><p>K-2<\/p><\/div>\n\n\n\n<div class=\"tb-fields-and-text\" data-toolset-blocks-fields-and-text=\"b9f8380701980d8d9a87e1b4403abcd3\"><ul>\n  <li>Savvas Math<\/li>\n  <li>Endoscopios<\/li>\n  <li>Conocimientos b\u00e1sicos<\/li>\n  <li>ELAR con \u00e9nfasis en la fon\u00e9tica y la lectura guiada.<\/li>\n<\/ul><\/div>\n\n\n\n<div class=\"tb-fields-and-text\" data-toolset-blocks-fields-and-text=\"de008fb8b58fae9e19e6b200d761555d\"><p>3-12<\/p><\/div>\n\n\n\n<div class=\"tb-fields-and-text\" data-toolset-blocks-fields-and-text=\"b9f8380701980d8d9a87e1b4403abcd3\"><ul>\n  <li>BrightThinker\/Unidades de conocimiento<\/li>\n  <li>Hemos utilizado el contenido de BrightThinker en toda la organizaci\u00f3n desde 2010.<\/li>\n  <li>BrightThinker ofrece contenido atractivo al que los estudiantes pueden acceder desde cualquier computadora o tableta. Cuenta con un sistema intuitivo de seguimiento del progreso, comentarios y calificaci\u00f3n.<\/li>\n<\/ul><\/div>\n<\/div>\n<\/div>\n\n\n\n<div class=\"wp-block-toolset-blocks-container tb-container\" data-toolset-blocks-container=\"11e7b6275ca5a613df4a2ccee9487760\">\n<div class=\"wp-block-toolset-blocks-container tb-container\" data-toolset-blocks-container=\"64f4239d582d2edadba09f118f26fd3d\">\n<div class=\"tb-fields-and-text\" data-toolset-blocks-fields-and-text=\"959a278c4116b7126fb60506418dad0d\"><p style=\"text-align: center;\">M\u00c1S INFORMACI\u00d3N SOBRE 3-12<\/p><\/div>\n<\/div>\n<\/div>\n\n\n\n<div class=\"wp-block-toolset-blocks-container tb-container\" data-toolset-blocks-container=\"60898a910b390911dcee987ff34f1bca\">\n<div class=\"wp-block-toolset-blocks-grid tb-grid\" data-toolset-blocks-grid=\"3d9c399fe625e1b972f817a0680229f6\">\n<div class=\"wp-block-toolset-blocks-grid-column tb-grid-column tb-grid-align-top\" data-toolset-blocks-grid-column=\"3034fbe886c11054e95b46b09d3e4112\">\n<div class=\"wp-block-toolset-blocks-container tb-container\" data-toolset-blocks-container=\"24f240f79bae39d6fc51c8908b2e914c\">\n<div style=\"height:350px\" aria-hidden=\"true\" class=\"wp-block-spacer\"><\/div>\n<\/div>\n<\/div>\n\n\n\n<div class=\"wp-block-toolset-blocks-grid-column tb-grid-column tb-grid-align-top\" data-toolset-blocks-grid-column=\"3034fbe886c11054e95b46b09d3e4112\">\n<div class=\"wp-block-toolset-blocks-container tb-container overlap-container-right\" data-toolset-blocks-container=\"e417a4114719a76f0987ace65abd16da\">\n<div class=\"wp-block-toolset-blocks-container tb-container\" data-toolset-blocks-container=\"4e5f00eb491f74c4b1e7b4e8ee53de7b\">\n<div class=\"tb-fields-and-text\" data-toolset-blocks-fields-and-text=\"24d3486b86498bbbf3d006ee03616a91\"><p style=\"text-align: right;\">Cada curso (o Unidad de Conocimiento) para nuestros alumnos de 3 a 12 a\u00f1os consta de 10 cap\u00edtulos y est\u00e1 alineado con los Est\u00e1ndares de Conocimientos y Habilidades Esenciales de Texas (TEKS). Cada Unidad de Conocimiento incluye materiales de referencia, objetivos de aprendizaje, vocabulario, lecciones, cuestionarios, un examen de pr\u00e1ctica y un examen de la unidad.<\/p><\/div>\n<\/div>\n<\/div>\n<\/div>\n<\/div>\n<\/div>\n\n\n\n<div class=\"wp-block-toolset-blocks-container tb-container\" data-toolset-blocks-container=\"8dee9684d4e202d421fd62d1cb6701b3\">\n<div class=\"wp-block-toolset-blocks-grid tb-grid\" data-toolset-blocks-grid=\"e7c9fbd982749fbc442ab40d30533966\">\n<div class=\"wp-block-toolset-blocks-grid-column tb-grid-column tb-grid-align-top\" data-toolset-blocks-grid-column=\"3034fbe886c11054e95b46b09d3e4112\">\n<div class=\"wp-block-toolset-blocks-container tb-container overlap-container-left\" data-toolset-blocks-container=\"46998d855ea380ff9590567eae447e06\">\n<div class=\"wp-block-toolset-blocks-container tb-container\" data-toolset-blocks-container=\"c66c6c65d6c3cd61e3c2a0b9b093d5eb\">\n<div class=\"tb-fields-and-text\" data-toolset-blocks-fields-and-text=\"bd25c02210afa3cd13ca845178794c35\"><p>Los estudiantes establecen metas acad\u00e9micas diarias utilizando datos basados en sus conocimientos y habilidades, en lugar de un enfoque arbitrario y \u00fanico para todos. A lo largo del d\u00eda, los estudiantes trabajan de forma independiente para completar sus metas diarias. Durante este tiempo, los maestros brindan apoyo cuando es necesario y supervisan a los estudiantes en todo el centro de aprendizaje. Nuestro programa de aprendizaje permite a los estudiantes hacerse responsables de su educaci\u00f3n para crear un sentido de responsabilidad personal y de logro.<\/p><\/div>\n<\/div>\n<\/div>\n<\/div>\n\n\n\n<div class=\"wp-block-toolset-blocks-grid-column tb-grid-column tb-grid-align-top\" data-toolset-blocks-grid-column=\"3034fbe886c11054e95b46b09d3e4112\">\n<div class=\"wp-block-toolset-blocks-container tb-container\" data-toolset-blocks-container=\"fe3eac1b16e686cdfa2f52548a6de076\">\n<div style=\"height:350px\" aria-hidden=\"true\" class=\"wp-block-spacer\"><\/div>\n<\/div>\n<\/div>\n<\/div>\n<\/div>\n\n\n\n<div class=\"wp-block-toolset-blocks-container tb-container landing-list-light\" data-toolset-blocks-container=\"692fd768f3349f0af00352cd91c24487\">\n<div class=\"tb-fields-and-text\" data-toolset-blocks-fields-and-text=\"959a278c4116b7126fb60506418dad0d\"><p>NUESTRO PROGRAMA INCLUYE<\/p><\/div>\n\n\n\n<div class=\"tb-fields-and-text\" data-toolset-blocks-fields-and-text=\"3d8550908fc7dbf5e6945c2930c7bb43\"><ul>\n  <li>Ense\u00f1anza dirigida por los maestros y basada en datos acad\u00e9micos<\/li>\n  <li>Clases de ense\u00f1anza directa<\/li>\n  <li>Grupos peque\u00f1os<\/li>\n  <li>Interacciones individuales entre el maestro y el alumno.<\/li>\n  <li>Aprendizaje basado en proyectos<\/li>\n  <li>Actividades de aprendizaje independiente<\/li>\n<\/ul><\/div>\n<\/div>","protected":false},"excerpt":{"rendered":"","protected":false},"author":2,"featured_media":0,"parent":0,"menu_order":0,"comment_status":"closed","ping_status":"closed","template":"","meta":{"footnotes":""},"class_list":["post-1994","page","type-page","status-publish"],"yoast_head":"<!-- This site is optimized with the Yoast SEO plugin v27.6 - https:\/\/yoast.com\/product\/yoast-seo-wordpress\/ -->\n<title>Curriculum &amp; College Prep Pathways | Quest Collegiate<\/title>\n<meta name=\"description\" content=\"Discover Quest Collegiate Academy&#039;s rigorous curriculum designed to foster academic excellence, critical thinking, and college readiness.\" \/>\n<meta name=\"robots\" content=\"index, follow, max-snippet:-1, max-image-preview:large, max-video-preview:-1\" \/>\n<link rel=\"canonical\" href=\"https:\/\/questcollegiate.com\/es\/plan-de-estudios\/\" \/>\n<meta property=\"og:locale\" content=\"es_MX\" \/>\n<meta property=\"og:type\" content=\"article\" \/>\n<meta property=\"og:title\" content=\"Curriculum &amp; College Prep Pathways | Quest Collegiate\" \/>\n<meta property=\"og:description\" content=\"Discover Quest Collegiate Academy&#039;s rigorous curriculum designed to foster academic excellence, critical thinking, and college readiness.\" \/>\n<meta property=\"og:url\" content=\"https:\/\/questcollegiate.com\/es\/plan-de-estudios\/\" \/>\n<meta property=\"og:site_name\" content=\"Quest Collegiate Academy\" \/>\n<meta property=\"article:modified_time\" content=\"2026-02-16T15:50:06+00:00\" \/>\n<meta name=\"twitter:card\" content=\"summary_large_image\" \/>\n<meta name=\"twitter:label1\" content=\"Est. reading time\" \/>\n\t<meta name=\"twitter:data1\" content=\"1 minuto\" \/>\n<script type=\"application\/ld+json\" class=\"yoast-schema-graph\">{\"@context\":\"https:\\\/\\\/schema.org\",\"@graph\":[{\"@type\":\"WebPage\",\"@id\":\"https:\\\/\\\/questcollegiate.com\\\/curriculum\\\/\",\"url\":\"https:\\\/\\\/questcollegiate.com\\\/curriculum\\\/\",\"name\":\"Curriculum & College Prep Pathways | Quest Collegiate\",\"isPartOf\":{\"@id\":\"https:\\\/\\\/questcollegiate.com\\\/#website\"},\"datePublished\":\"2021-05-24T19:11:41+00:00\",\"dateModified\":\"2026-02-16T15:50:06+00:00\",\"description\":\"Discover Quest Collegiate Academy's rigorous curriculum designed to foster academic excellence, critical thinking, and college readiness.\",\"breadcrumb\":{\"@id\":\"https:\\\/\\\/questcollegiate.com\\\/curriculum\\\/#breadcrumb\"},\"inLanguage\":\"es\",\"potentialAction\":[{\"@type\":\"ReadAction\",\"target\":[\"https:\\\/\\\/questcollegiate.com\\\/curriculum\\\/\"]}]},{\"@type\":\"BreadcrumbList\",\"@id\":\"https:\\\/\\\/questcollegiate.com\\\/curriculum\\\/#breadcrumb\",\"itemListElement\":[{\"@type\":\"ListItem\",\"position\":1,\"name\":\"Home\",\"item\":\"https:\\\/\\\/questcollegiate.com\\\/\"},{\"@type\":\"ListItem\",\"position\":2,\"name\":\"Curriculum\"}]},{\"@type\":\"WebSite\",\"@id\":\"https:\\\/\\\/questcollegiate.com\\\/#website\",\"url\":\"https:\\\/\\\/questcollegiate.com\\\/\",\"name\":\"Quest Collegiate Academy\",\"description\":\"Guiding Scholars on Their Quest for Knowledge\",\"publisher\":{\"@id\":\"https:\\\/\\\/questcollegiate.com\\\/#organization\"},\"potentialAction\":[{\"@type\":\"SearchAction\",\"target\":{\"@type\":\"EntryPoint\",\"urlTemplate\":\"https:\\\/\\\/questcollegiate.com\\\/?s={search_term_string}\"},\"query-input\":{\"@type\":\"PropertyValueSpecification\",\"valueRequired\":true,\"valueName\":\"search_term_string\"}}],\"inLanguage\":\"es\"},{\"@type\":\"Organization\",\"@id\":\"https:\\\/\\\/questcollegiate.com\\\/#organization\",\"name\":\"Quest Collegiate Academy\",\"url\":\"https:\\\/\\\/questcollegiate.com\\\/\",\"logo\":{\"@type\":\"ImageObject\",\"inLanguage\":\"es\",\"@id\":\"https:\\\/\\\/questcollegiate.com\\\/#\\\/schema\\\/logo\\\/image\\\/\",\"url\":\"https:\\\/\\\/questcollegiate.com\\\/wp-content\\\/uploads\\\/2021\\\/05\\\/2020-21-Logos_QuestCollegiate-logo.png\",\"contentUrl\":\"https:\\\/\\\/questcollegiate.com\\\/wp-content\\\/uploads\\\/2021\\\/05\\\/2020-21-Logos_QuestCollegiate-logo.png\",\"width\":8001,\"height\":2484,\"caption\":\"Quest Collegiate Academy\"},\"image\":{\"@id\":\"https:\\\/\\\/questcollegiate.com\\\/#\\\/schema\\\/logo\\\/image\\\/\"}}]}<\/script>\n<!-- \/ Yoast SEO plugin. -->","yoast_head_json":{"title":"Plan de estudios y v\u00edas de preparaci\u00f3n para la universidad | Quest Collegiate","description":"Descubra el riguroso plan de estudios de Quest Collegiate Academy, dise\u00f1ado para fomentar la excelencia acad\u00e9mica, el pensamiento cr\u00edtico y la preparaci\u00f3n para la universidad.","robots":{"index":"index","follow":"follow","max-snippet":"max-snippet:-1","max-image-preview":"max-image-preview:large","max-video-preview":"max-video-preview:-1"},"canonical":"https:\/\/questcollegiate.com\/es\/plan-de-estudios\/","og_locale":"es_MX","og_type":"article","og_title":"Curriculum & College Prep Pathways | Quest Collegiate","og_description":"Discover Quest Collegiate Academy's rigorous curriculum designed to foster academic excellence, critical thinking, and college readiness.","og_url":"https:\/\/questcollegiate.com\/es\/plan-de-estudios\/","og_site_name":"Quest Collegiate Academy","article_modified_time":"2026-02-16T15:50:06+00:00","twitter_card":"summary_large_image","twitter_misc":{"Est. reading time":"1 minuto"},"schema":{"@context":"https:\/\/schema.org","@graph":[{"@type":"WebPage","@id":"https:\/\/questcollegiate.com\/curriculum\/","url":"https:\/\/questcollegiate.com\/curriculum\/","name":"Plan de estudios y v\u00edas de preparaci\u00f3n para la universidad | Quest Collegiate","isPartOf":{"@id":"https:\/\/questcollegiate.com\/#website"},"datePublished":"2021-05-24T19:11:41+00:00","dateModified":"2026-02-16T15:50:06+00:00","description":"Descubra el riguroso plan de estudios de Quest Collegiate Academy, dise\u00f1ado para fomentar la excelencia acad\u00e9mica, el pensamiento cr\u00edtico y la preparaci\u00f3n para la universidad.","breadcrumb":{"@id":"https:\/\/questcollegiate.com\/curriculum\/#breadcrumb"},"inLanguage":"es","potentialAction":[{"@type":"ReadAction","target":["https:\/\/questcollegiate.com\/curriculum\/"]}]},{"@type":"BreadcrumbList","@id":"https:\/\/questcollegiate.com\/curriculum\/#breadcrumb","itemListElement":[{"@type":"ListItem","position":1,"name":"Home","item":"https:\/\/questcollegiate.com\/"},{"@type":"ListItem","position":2,"name":"Curriculum"}]},{"@type":"WebSite","@id":"https:\/\/questcollegiate.com\/#website","url":"https:\/\/questcollegiate.com\/","name":"Academia Universitaria Quest","description":"Guiando a los estudiantes en su b\u00fasqueda del conocimiento","publisher":{"@id":"https:\/\/questcollegiate.com\/#organization"},"potentialAction":[{"@type":"SearchAction","target":{"@type":"EntryPoint","urlTemplate":"https:\/\/questcollegiate.com\/?s={search_term_string}"},"query-input":{"@type":"PropertyValueSpecification","valueRequired":true,"valueName":"search_term_string"}}],"inLanguage":"es"},{"@type":"Organization","@id":"https:\/\/questcollegiate.com\/#organization","name":"Academia Universitaria Quest","url":"https:\/\/questcollegiate.com\/","logo":{"@type":"ImageObject","inLanguage":"es","@id":"https:\/\/questcollegiate.com\/#\/schema\/logo\/image\/","url":"https:\/\/questcollegiate.com\/wp-content\/uploads\/2021\/05\/2020-21-Logos_QuestCollegiate-logo.png","contentUrl":"https:\/\/questcollegiate.com\/wp-content\/uploads\/2021\/05\/2020-21-Logos_QuestCollegiate-logo.png","width":8001,"height":2484,"caption":"Quest Collegiate Academy"},"image":{"@id":"https:\/\/questcollegiate.com\/#\/schema\/logo\/image\/"}}]}},"_links":{"self":[{"href":"https:\/\/questcollegiate.com\/es\/wp-json\/wp\/v2\/pages\/1994","targetHints":{"allow":["GET"]}}],"collection":[{"href":"https:\/\/questcollegiate.com\/es\/wp-json\/wp\/v2\/pages"}],"about":[{"href":"https:\/\/questcollegiate.com\/es\/wp-json\/wp\/v2\/types\/page"}],"author":[{"embeddable":true,"href":"https:\/\/questcollegiate.com\/es\/wp-json\/wp\/v2\/users\/2"}],"replies":[{"embeddable":true,"href":"https:\/\/questcollegiate.com\/es\/wp-json\/wp\/v2\/comments?post=1994"}],"version-history":[{"count":0,"href":"https:\/\/questcollegiate.com\/es\/wp-json\/wp\/v2\/pages\/1994\/revisions"}],"wp:attachment":[{"href":"https:\/\/questcollegiate.com\/es\/wp-json\/wp\/v2\/media?parent=1994"}],"curies":[{"name":"wp","href":"https:\/\/api.w.org\/{rel}","templated":true}]}}