{"id":1714,"date":"2021-05-11T18:01:25","date_gmt":"2021-05-11T18:01:25","guid":{"rendered":"http:\/\/questcolaca.wpengine.com\/?page_id=1714"},"modified":"2024-11-14T18:04:52","modified_gmt":"2024-11-14T18:04:52","slug":"nuestros-educadores","status":"publish","type":"page","link":"https:\/\/questcollegiate.com\/es\/our-educators\/","title":{"rendered":"Nuestros educadores"},"content":{"rendered":"<div class=\"wp-block-toolset-blocks-container tb-container dark-overlay\" data-toolset-blocks-container=\"8eaf5b17af20ead7360b439b7b59edca\">\n<div class=\"wp-block-toolset-blocks-container tb-container dark-overlay\" data-toolset-blocks-container=\"b2fecad7e47758e73af4b100edb3277b\">\n<div class=\"tb-fields-and-text\" data-toolset-blocks-fields-and-text=\"6b5d0aefd530081aa86f048369c5d5ec\"><h1>EL PAPEL DEL MAESTRO<\/h1><\/div>\n\n\n\n<div class=\"tb-fields-and-text\" data-toolset-blocks-fields-and-text=\"dec476220f2995ded1e6cc1212f6d143\"><p>La mejor forma de educar en el mundo digital es mediante sistemas de aprendizaje que aprovechen los recursos digitales emergentes y cuenten con educadores comprometidos. Estos educadores deben servir como ejemplos morales relevantes y accesibles que asuman la responsabilidad del desarrollo acad\u00e9mico y moral del alumno, mientras que el proceso educativo se basa en un plan de estudios de alta calidad y se imparte a trav\u00e9s de la tecnolog\u00eda.<\/p><\/div>\n<\/div>\n<\/div>\n\n\n\n<div class=\"wp-block-toolset-blocks-container tb-container\" data-toolset-blocks-container=\"60898a910b390911dcee987ff34f1bca\">\n<div class=\"wp-block-toolset-blocks-grid tb-grid\" data-toolset-blocks-grid=\"3d9c399fe625e1b972f817a0680229f6\">\n<div class=\"wp-block-toolset-blocks-grid-column tb-grid-column tb-grid-align-top\" data-toolset-blocks-grid-column=\"3034fbe886c11054e95b46b09d3e4112\">\n<div class=\"wp-block-toolset-blocks-container tb-container\" data-toolset-blocks-container=\"b94f2748d3134a3cacc2a357d6852eac\">\n<div style=\"height:350px\" aria-hidden=\"true\" class=\"wp-block-spacer\"><\/div>\n<\/div>\n<\/div>\n\n\n\n<div class=\"wp-block-toolset-blocks-grid-column tb-grid-column tb-grid-align-top\" data-toolset-blocks-grid-column=\"3034fbe886c11054e95b46b09d3e4112\">\n<div class=\"wp-block-toolset-blocks-container tb-container overlap-container-right\" data-toolset-blocks-container=\"e417a4114719a76f0987ace65abd16da\">\n<div class=\"wp-block-toolset-blocks-container tb-container\" data-toolset-blocks-container=\"4e5f00eb491f74c4b1e7b4e8ee53de7b\">\n<div class=\"tb-fields-and-text\" data-toolset-blocks-fields-and-text=\"08eaebac3f6bde3882d6fcba5b1cd0d4\"><p>NUESTROS PROFESORES ANIMAN<\/p><\/div>\n\n\n\n<div class=\"tb-fields-and-text\" data-toolset-blocks-fields-and-text=\"24d3486b86498bbbf3d006ee03616a91\"><p>Alentar a nuestros estudiantes les proporciona un entorno de aprendizaje eficaz en un mundo cambiante, afectado a diario por culturas cambiantes e influencias negativas.<\/p><\/div>\n<\/div>\n<\/div>\n<\/div>\n<\/div>\n<\/div>\n\n\n\n<div class=\"wp-block-toolset-blocks-container tb-container\" data-toolset-blocks-container=\"8dee9684d4e202d421fd62d1cb6701b3\">\n<div class=\"wp-block-toolset-blocks-grid tb-grid\" data-toolset-blocks-grid=\"e7c9fbd982749fbc442ab40d30533966\">\n<div class=\"wp-block-toolset-blocks-grid-column tb-grid-column tb-grid-align-top\" data-toolset-blocks-grid-column=\"3034fbe886c11054e95b46b09d3e4112\">\n<div class=\"wp-block-toolset-blocks-container tb-container overlap-container-left\" data-toolset-blocks-container=\"46998d855ea380ff9590567eae447e06\">\n<div class=\"wp-block-toolset-blocks-container tb-container\" data-toolset-blocks-container=\"c66c6c65d6c3cd61e3c2a0b9b093d5eb\">\n<div class=\"tb-fields-and-text\" data-toolset-blocks-fields-and-text=\"08eaebac3f6bde3882d6fcba5b1cd0d4\"><p>NUESTROS PROFESORES EMPODERAN<\/p><\/div>\n\n\n\n<div class=\"tb-fields-and-text\" data-toolset-blocks-fields-and-text=\"bd25c02210afa3cd13ca845178794c35\"><p>Empoderamos a nuestros estudiantes ayud\u00e1ndoles a reconocer que tienen la capacidad de utilizar el conocimiento y la tecnolog\u00eda para obtener un t\u00edtulo y aplicar lo que han aprendido para tener \u00e9xito en sus proyectos de vida.<\/p><\/div>\n<\/div>\n<\/div>\n<\/div>\n\n\n\n<div class=\"wp-block-toolset-blocks-grid-column tb-grid-column tb-grid-align-top\" data-toolset-blocks-grid-column=\"3034fbe886c11054e95b46b09d3e4112\">\n<div class=\"wp-block-toolset-blocks-container tb-container\" data-toolset-blocks-container=\"4a4c6174bae407bbb5d620877f9a900c\">\n<div style=\"height:350px\" aria-hidden=\"true\" class=\"wp-block-spacer\"><\/div>\n<\/div>\n<\/div>\n<\/div>\n<\/div>\n\n\n\n<div class=\"wp-block-toolset-blocks-container tb-container\" data-toolset-blocks-container=\"60898a910b390911dcee987ff34f1bca\">\n<div class=\"wp-block-toolset-blocks-grid tb-grid\" data-toolset-blocks-grid=\"3d9c399fe625e1b972f817a0680229f6\">\n<div class=\"wp-block-toolset-blocks-grid-column tb-grid-column tb-grid-align-top\" data-toolset-blocks-grid-column=\"3034fbe886c11054e95b46b09d3e4112\">\n<div class=\"wp-block-toolset-blocks-container tb-container\" data-toolset-blocks-container=\"393b28f5c9414e6a3d1332ef123a1bd5\">\n<div style=\"height:350px\" aria-hidden=\"true\" class=\"wp-block-spacer\"><\/div>\n<\/div>\n<\/div>\n\n\n\n<div class=\"wp-block-toolset-blocks-grid-column tb-grid-column tb-grid-align-top\" data-toolset-blocks-grid-column=\"3034fbe886c11054e95b46b09d3e4112\">\n<div class=\"wp-block-toolset-blocks-container tb-container overlap-container-right\" data-toolset-blocks-container=\"e417a4114719a76f0987ace65abd16da\">\n<div class=\"wp-block-toolset-blocks-container tb-container\" data-toolset-blocks-container=\"4e5f00eb491f74c4b1e7b4e8ee53de7b\">\n<div class=\"tb-fields-and-text\" data-toolset-blocks-fields-and-text=\"08eaebac3f6bde3882d6fcba5b1cd0d4\"><p>NUESTROS PROFESORES SE IMPLICAN<\/p><\/div>\n\n\n\n<div class=\"tb-fields-and-text\" data-toolset-blocks-fields-and-text=\"24d3486b86498bbbf3d006ee03616a91\"><p>Nos comprometemos con los estudiantes para poder cambiar vidas, respetar al alumno y transmitir a la pr\u00f3xima generaci\u00f3n de l\u00edderes una base moral e inteligente para la familia, la comunidad y la interacci\u00f3n social.<\/p><\/div>\n<\/div>\n<\/div>\n<\/div>\n<\/div>\n<\/div>","protected":false},"excerpt":{"rendered":"","protected":false},"author":2,"featured_media":0,"parent":0,"menu_order":0,"comment_status":"closed","ping_status":"closed","template":"","meta":{"footnotes":""},"class_list":["post-1714","page","type-page","status-publish"],"yoast_head":"<!-- This site is optimized with the Yoast SEO plugin v27.4 - https:\/\/yoast.com\/product\/yoast-seo-wordpress\/ -->\n<title>Meet Our Teachers &amp; Staff | Quest Collegiate Academy<\/title>\n<meta name=\"description\" content=\"Meet the dedicated educators at Quest Collegiate Academy who are committed to fostering student growth and achievement through personalized instruction.\" \/>\n<meta name=\"robots\" content=\"index, follow, max-snippet:-1, max-image-preview:large, max-video-preview:-1\" \/>\n<link rel=\"canonical\" href=\"https:\/\/questcollegiate.com\/es\/nuestros-educadores\/\" \/>\n<meta property=\"og:locale\" content=\"es_MX\" \/>\n<meta property=\"og:type\" content=\"article\" \/>\n<meta property=\"og:title\" content=\"Meet Our Teachers &amp; Staff | Quest Collegiate Academy\" \/>\n<meta property=\"og:description\" content=\"Meet the dedicated educators at Quest Collegiate Academy who are committed to fostering student growth and achievement through personalized instruction.\" \/>\n<meta property=\"og:url\" content=\"https:\/\/questcollegiate.com\/es\/nuestros-educadores\/\" \/>\n<meta property=\"og:site_name\" content=\"Quest Collegiate Academy\" \/>\n<meta property=\"article:modified_time\" content=\"2024-11-14T18:04:52+00:00\" \/>\n<meta name=\"twitter:card\" content=\"summary_large_image\" \/>\n<meta name=\"twitter:label1\" content=\"Est. reading time\" \/>\n\t<meta name=\"twitter:data1\" content=\"1 minuto\" \/>\n<script type=\"application\/ld+json\" class=\"yoast-schema-graph\">{\"@context\":\"https:\\\/\\\/schema.org\",\"@graph\":[{\"@type\":\"WebPage\",\"@id\":\"https:\\\/\\\/questcollegiate.com\\\/our-educators\\\/\",\"url\":\"https:\\\/\\\/questcollegiate.com\\\/our-educators\\\/\",\"name\":\"Meet Our Teachers & Staff | Quest Collegiate Academy\",\"isPartOf\":{\"@id\":\"https:\\\/\\\/questcollegiate.com\\\/#website\"},\"datePublished\":\"2021-05-11T18:01:25+00:00\",\"dateModified\":\"2024-11-14T18:04:52+00:00\",\"description\":\"Meet the dedicated educators at Quest Collegiate Academy who are committed to fostering student growth and achievement through personalized instruction.\",\"breadcrumb\":{\"@id\":\"https:\\\/\\\/questcollegiate.com\\\/our-educators\\\/#breadcrumb\"},\"inLanguage\":\"es\",\"potentialAction\":[{\"@type\":\"ReadAction\",\"target\":[\"https:\\\/\\\/questcollegiate.com\\\/our-educators\\\/\"]}]},{\"@type\":\"BreadcrumbList\",\"@id\":\"https:\\\/\\\/questcollegiate.com\\\/our-educators\\\/#breadcrumb\",\"itemListElement\":[{\"@type\":\"ListItem\",\"position\":1,\"name\":\"Home\",\"item\":\"https:\\\/\\\/questcollegiate.com\\\/\"},{\"@type\":\"ListItem\",\"position\":2,\"name\":\"Our Educators\"}]},{\"@type\":\"WebSite\",\"@id\":\"https:\\\/\\\/questcollegiate.com\\\/#website\",\"url\":\"https:\\\/\\\/questcollegiate.com\\\/\",\"name\":\"Quest Collegiate Academy\",\"description\":\"Guiding Scholars on Their Quest for Knowledge\",\"publisher\":{\"@id\":\"https:\\\/\\\/questcollegiate.com\\\/#organization\"},\"potentialAction\":[{\"@type\":\"SearchAction\",\"target\":{\"@type\":\"EntryPoint\",\"urlTemplate\":\"https:\\\/\\\/questcollegiate.com\\\/?s={search_term_string}\"},\"query-input\":{\"@type\":\"PropertyValueSpecification\",\"valueRequired\":true,\"valueName\":\"search_term_string\"}}],\"inLanguage\":\"es\"},{\"@type\":\"Organization\",\"@id\":\"https:\\\/\\\/questcollegiate.com\\\/#organization\",\"name\":\"Quest Collegiate Academy\",\"url\":\"https:\\\/\\\/questcollegiate.com\\\/\",\"logo\":{\"@type\":\"ImageObject\",\"inLanguage\":\"es\",\"@id\":\"https:\\\/\\\/questcollegiate.com\\\/#\\\/schema\\\/logo\\\/image\\\/\",\"url\":\"https:\\\/\\\/questcollegiate.com\\\/wp-content\\\/uploads\\\/2021\\\/05\\\/2020-21-Logos_QuestCollegiate-logo.png\",\"contentUrl\":\"https:\\\/\\\/questcollegiate.com\\\/wp-content\\\/uploads\\\/2021\\\/05\\\/2020-21-Logos_QuestCollegiate-logo.png\",\"width\":8001,\"height\":2484,\"caption\":\"Quest Collegiate Academy\"},\"image\":{\"@id\":\"https:\\\/\\\/questcollegiate.com\\\/#\\\/schema\\\/logo\\\/image\\\/\"}}]}<\/script>\n<!-- \/ Yoast SEO plugin. -->","yoast_head_json":{"title":"Conozca a nuestros maestros y personal | Quest Collegiate Academy","description":"Conozca a los dedicados educadores de Quest Collegiate Academy, comprometidos con fomentar el crecimiento y los logros de los estudiantes a trav\u00e9s de una ense\u00f1anza personalizada.","robots":{"index":"index","follow":"follow","max-snippet":"max-snippet:-1","max-image-preview":"max-image-preview:large","max-video-preview":"max-video-preview:-1"},"canonical":"https:\/\/questcollegiate.com\/es\/nuestros-educadores\/","og_locale":"es_MX","og_type":"article","og_title":"Meet Our Teachers & Staff | Quest Collegiate Academy","og_description":"Meet the dedicated educators at Quest Collegiate Academy who are committed to fostering student growth and achievement through personalized instruction.","og_url":"https:\/\/questcollegiate.com\/es\/nuestros-educadores\/","og_site_name":"Quest Collegiate Academy","article_modified_time":"2024-11-14T18:04:52+00:00","twitter_card":"summary_large_image","twitter_misc":{"Est. reading time":"1 minuto"},"schema":{"@context":"https:\/\/schema.org","@graph":[{"@type":"WebPage","@id":"https:\/\/questcollegiate.com\/our-educators\/","url":"https:\/\/questcollegiate.com\/our-educators\/","name":"Conozca a nuestros maestros y personal | Quest Collegiate Academy","isPartOf":{"@id":"https:\/\/questcollegiate.com\/#website"},"datePublished":"2021-05-11T18:01:25+00:00","dateModified":"2024-11-14T18:04:52+00:00","description":"Conozca a los dedicados educadores de Quest Collegiate Academy, comprometidos con fomentar el crecimiento y los logros de los estudiantes a trav\u00e9s de una ense\u00f1anza personalizada.","breadcrumb":{"@id":"https:\/\/questcollegiate.com\/our-educators\/#breadcrumb"},"inLanguage":"es","potentialAction":[{"@type":"ReadAction","target":["https:\/\/questcollegiate.com\/our-educators\/"]}]},{"@type":"BreadcrumbList","@id":"https:\/\/questcollegiate.com\/our-educators\/#breadcrumb","itemListElement":[{"@type":"ListItem","position":1,"name":"Home","item":"https:\/\/questcollegiate.com\/"},{"@type":"ListItem","position":2,"name":"Our Educators"}]},{"@type":"WebSite","@id":"https:\/\/questcollegiate.com\/#website","url":"https:\/\/questcollegiate.com\/","name":"Academia Universitaria Quest","description":"Guiando a los estudiantes en su b\u00fasqueda del conocimiento","publisher":{"@id":"https:\/\/questcollegiate.com\/#organization"},"potentialAction":[{"@type":"SearchAction","target":{"@type":"EntryPoint","urlTemplate":"https:\/\/questcollegiate.com\/?s={search_term_string}"},"query-input":{"@type":"PropertyValueSpecification","valueRequired":true,"valueName":"search_term_string"}}],"inLanguage":"es"},{"@type":"Organization","@id":"https:\/\/questcollegiate.com\/#organization","name":"Academia Universitaria Quest","url":"https:\/\/questcollegiate.com\/","logo":{"@type":"ImageObject","inLanguage":"es","@id":"https:\/\/questcollegiate.com\/#\/schema\/logo\/image\/","url":"https:\/\/questcollegiate.com\/wp-content\/uploads\/2021\/05\/2020-21-Logos_QuestCollegiate-logo.png","contentUrl":"https:\/\/questcollegiate.com\/wp-content\/uploads\/2021\/05\/2020-21-Logos_QuestCollegiate-logo.png","width":8001,"height":2484,"caption":"Quest Collegiate Academy"},"image":{"@id":"https:\/\/questcollegiate.com\/#\/schema\/logo\/image\/"}}]}},"_links":{"self":[{"href":"https:\/\/questcollegiate.com\/es\/wp-json\/wp\/v2\/pages\/1714","targetHints":{"allow":["GET"]}}],"collection":[{"href":"https:\/\/questcollegiate.com\/es\/wp-json\/wp\/v2\/pages"}],"about":[{"href":"https:\/\/questcollegiate.com\/es\/wp-json\/wp\/v2\/types\/page"}],"author":[{"embeddable":true,"href":"https:\/\/questcollegiate.com\/es\/wp-json\/wp\/v2\/users\/2"}],"replies":[{"embeddable":true,"href":"https:\/\/questcollegiate.com\/es\/wp-json\/wp\/v2\/comments?post=1714"}],"version-history":[{"count":0,"href":"https:\/\/questcollegiate.com\/es\/wp-json\/wp\/v2\/pages\/1714\/revisions"}],"wp:attachment":[{"href":"https:\/\/questcollegiate.com\/es\/wp-json\/wp\/v2\/media?parent=1714"}],"curies":[{"name":"wp","href":"https:\/\/api.w.org\/{rel}","templated":true}]}}